
{"id":2271,"date":"2024-06-05T15:01:53","date_gmt":"2024-06-05T13:01:53","guid":{"rendered":"https:\/\/it.unija.com\/poslovna-informatika\/"},"modified":"2025-04-07T11:44:35","modified_gmt":"2025-04-07T09:44:35","slug":"poslovna-informatika","status":"publish","type":"page","link":"https:\/\/it.unija.com\/sr\/poslovna-informatika\/","title":{"rendered":"Poslovna informatika"},"content":{"rendered":"\t\t<div data-elementor-type=\"wp-page\" data-elementor-id=\"2271\" class=\"elementor elementor-2271 elementor-375\" data-elementor-post-type=\"page\">\n\t\t\t\t<div class=\"elementor-element elementor-element-96ce476 e-con-full e-flex e-con e-child\" data-id=\"96ce476\" data-element_type=\"container\" data-e-type=\"container\" data-settings=\"{&quot;background_background&quot;:&quot;classic&quot;,&quot;background_motion_fx_motion_fx_scrolling&quot;:&quot;yes&quot;,&quot;background_motion_fx_blur_effect&quot;:&quot;yes&quot;,&quot;background_motion_fx_blur_direction&quot;:&quot;in-out&quot;,&quot;background_motion_fx_blur_level&quot;:{&quot;unit&quot;:&quot;px&quot;,&quot;size&quot;:5,&quot;sizes&quot;:[]},&quot;background_motion_fx_blur_range&quot;:{&quot;unit&quot;:&quot;%&quot;,&quot;size&quot;:&quot;&quot;,&quot;sizes&quot;:{&quot;start&quot;:59,&quot;end&quot;:100}},&quot;background_motion_fx_devices&quot;:[&quot;desktop&quot;]}\">\n\t\t<div class=\"elementor-element elementor-element-4fb890a e-con-full e-flex e-con e-child\" data-id=\"4fb890a\" data-element_type=\"container\" data-e-type=\"container\">\n\t\t<div class=\"elementor-element elementor-element-17bd699 e-flex e-con-boxed e-con e-child\" data-id=\"17bd699\" data-element_type=\"container\" data-e-type=\"container\">\n\t\t\t\t\t<div class=\"e-con-inner\">\n\t\t\t\t<div class=\"elementor-element elementor-element-e4bf507 animated-fast elementor-invisible elementor-widget elementor-widget-heading\" data-id=\"e4bf507\" data-element_type=\"widget\" data-e-type=\"widget\" data-settings=\"{&quot;_animation&quot;:&quot;fadeInLeft&quot;}\" data-widget_type=\"heading.default\">\n\t\t\t\t<div class=\"elementor-widget-container\">\n\t\t\t\t\t<h2 class=\"elementor-heading-title elementor-size-default\">POSLOVNA INFORMATIKA<\/h2>\t\t\t\t<\/div>\n\t\t\t\t<\/div>\n\t\t\t\t<div class=\"elementor-element elementor-element-a5d94b1 elementor-widget__width-initial animated-fast elementor-invisible elementor-widget elementor-widget-heading\" data-id=\"a5d94b1\" data-element_type=\"widget\" data-e-type=\"widget\" data-settings=\"{&quot;_animation&quot;:&quot;fadeInLeft&quot;,&quot;_animation_delay&quot;:50}\" data-widget_type=\"heading.default\">\n\t\t\t\t<div class=\"elementor-widget-container\">\n\t\t\t\t\t<h2 class=\"elementor-heading-title elementor-size-default\">Mi vodimo ra\u010duna o nesmetanom radu programa i aplikacija, tako da vi mo\u017eete efikasno raditi svoj posao.\n<\/h2>\t\t\t\t<\/div>\n\t\t\t\t<\/div>\n\t\t\t\t<div class=\"elementor-element elementor-element-5c2bf63 cta-btn animated-fast elementor-invisible elementor-widget elementor-widget-button\" data-id=\"5c2bf63\" data-element_type=\"widget\" data-e-type=\"widget\" data-settings=\"{&quot;_animation&quot;:&quot;fadeInLeft&quot;,&quot;_animation_delay&quot;:100}\" data-widget_type=\"button.default\">\n\t\t\t\t<div class=\"elementor-widget-container\">\n\t\t\t\t\t\t\t\t\t<div class=\"elementor-button-wrapper\">\n\t\t\t\t\t<a class=\"elementor-button elementor-button-link elementor-size-md\" href=\"https:\/\/it.unija.com\/sr\/zahtev\/\">\n\t\t\t\t\t\t<span class=\"elementor-button-content-wrapper\">\n\t\t\t\t\t\t\t\t\t<span class=\"elementor-button-text\">Po\u0161aljite nam upit<\/span>\n\t\t\t\t\t<\/span>\n\t\t\t\t\t<\/a>\n\t\t\t\t<\/div>\n\t\t\t\t\t\t\t\t<\/div>\n\t\t\t\t<\/div>\n\t\t\t\t\t<\/div>\n\t\t\t\t<\/div>\n\t\t\t\t<\/div>\n\t\t\t\t<\/div>\n\t\t<div class=\"elementor-element elementor-element-4693709 e-flex e-con-boxed e-con e-child\" data-id=\"4693709\" data-element_type=\"container\" data-e-type=\"container\">\n\t\t\t\t\t<div class=\"e-con-inner\">\n\t\t<div class=\"elementor-element elementor-element-52cefaf e-flex e-con-boxed e-con e-child\" data-id=\"52cefaf\" data-element_type=\"container\" data-e-type=\"container\">\n\t\t\t\t\t<div class=\"e-con-inner\">\n\t\t<div class=\"elementor-element elementor-element-dd4f1f9 e-flex e-con-boxed e-con e-child\" data-id=\"dd4f1f9\" data-element_type=\"container\" data-e-type=\"container\">\n\t\t\t\t\t<div class=\"e-con-inner\">\n\t\t\t\t<div class=\"elementor-element elementor-element-6ba9f1c elementor-widget elementor-widget-heading\" data-id=\"6ba9f1c\" data-element_type=\"widget\" data-e-type=\"widget\" data-widget_type=\"heading.default\">\n\t\t\t\t<div class=\"elementor-widget-container\">\n\t\t\t\t\t<h2 class=\"elementor-heading-title elementor-size-default\">Optimizacija poslovnih procesa za ve\u0107u efikasnost i bolju korisni\u010dku podr\u0161ku\n<\/h2>\t\t\t\t<\/div>\n\t\t\t\t<\/div>\n\t\t\t\t<div class=\"elementor-element elementor-element-04c1cb6 elementor-widget elementor-widget-text-editor\" data-id=\"04c1cb6\" data-element_type=\"widget\" data-e-type=\"widget\" data-widget_type=\"text-editor.default\">\n\t\t\t\t<div class=\"elementor-widget-container\">\n\t\t\t\t\t\t\t\t\t<p>Veliki deo svog vremena provodimo rade\u0107i na unapre\u0111enju poslovnih procesa, digitalizaciji i razvoju novih funkcionalnosti.<\/p><p>Na ovaj na\u010din, osiguravamo da zaposleni tro\u0161e manje vremena na rutinske zadatke, tako da se mogu posvetiti svojim klijentima.<\/p>\t\t\t\t\t\t\t\t<\/div>\n\t\t\t\t<\/div>\n\t\t\t\t\t<\/div>\n\t\t\t\t<\/div>\n\t\t<div class=\"elementor-element elementor-element-f4621f3 e-flex e-con-boxed e-con e-child\" data-id=\"f4621f3\" data-element_type=\"container\" data-e-type=\"container\">\n\t\t\t\t\t<div class=\"e-con-inner\">\n\t\t\t\t<div class=\"elementor-element elementor-element-f25b4c0 elementor-widget elementor-widget-image\" data-id=\"f25b4c0\" data-element_type=\"widget\" data-e-type=\"widget\" data-widget_type=\"image.default\">\n\t\t\t\t<div class=\"elementor-widget-container\">\n\t\t\t\t\t\t\t\t\t\t\t\t\t\t\t<img fetchpriority=\"high\" decoding=\"async\" width=\"640\" height=\"394\" src=\"https:\/\/it.unija.com\/wp-content\/uploads\/2024\/08\/Optimizacija-delovnih-procesov-za-boljso-ucinkovitost-in-podporo-strankam_1200-px-1024x631.jpg\" class=\"attachment-large size-large wp-image-1839\" alt=\"\" srcset=\"https:\/\/it.unija.com\/wp-content\/uploads\/2024\/08\/Optimizacija-delovnih-procesov-za-boljso-ucinkovitost-in-podporo-strankam_1200-px-1024x631.jpg 1024w, https:\/\/it.unija.com\/wp-content\/uploads\/2024\/08\/Optimizacija-delovnih-procesov-za-boljso-ucinkovitost-in-podporo-strankam_1200-px-300x185.jpg 300w, https:\/\/it.unija.com\/wp-content\/uploads\/2024\/08\/Optimizacija-delovnih-procesov-za-boljso-ucinkovitost-in-podporo-strankam_1200-px-768x474.jpg 768w, https:\/\/it.unija.com\/wp-content\/uploads\/2024\/08\/Optimizacija-delovnih-procesov-za-boljso-ucinkovitost-in-podporo-strankam_1200-px.jpg 1200w\" sizes=\"(max-width: 640px) 100vw, 640px\" \/>\t\t\t\t\t\t\t\t\t\t\t\t\t\t\t<\/div>\n\t\t\t\t<\/div>\n\t\t\t\t\t<\/div>\n\t\t\t\t<\/div>\n\t\t\t\t\t<\/div>\n\t\t\t\t<\/div>\n\t\t\t\t\t<\/div>\n\t\t\t\t<\/div>\n\t\t<div class=\"elementor-element elementor-element-10805c7 e-flex e-con-boxed e-con e-child\" data-id=\"10805c7\" data-element_type=\"container\" data-e-type=\"container\">\n\t\t\t\t\t<div class=\"e-con-inner\">\n\t\t<div class=\"elementor-element elementor-element-e63c2b5 e-flex e-con-boxed e-con e-child\" data-id=\"e63c2b5\" data-element_type=\"container\" data-e-type=\"container\">\n\t\t\t\t\t<div class=\"e-con-inner\">\n\t\t<div class=\"elementor-element elementor-element-eafc5a3 e-flex e-con-boxed e-con e-child\" data-id=\"eafc5a3\" data-element_type=\"container\" data-e-type=\"container\">\n\t\t\t\t\t<div class=\"e-con-inner\">\n\t\t\t\t<div class=\"elementor-element elementor-element-1a385c2 elementor-widget elementor-widget-heading\" data-id=\"1a385c2\" data-element_type=\"widget\" data-e-type=\"widget\" data-widget_type=\"heading.default\">\n\t\t\t\t<div class=\"elementor-widget-container\">\n\t\t\t\t\t<h2 class=\"elementor-heading-title elementor-size-default\">Sveobuhvatna re\u0161enja za implementaciju i integraciju ERP i DMS sistema<\/h2>\t\t\t\t<\/div>\n\t\t\t\t<\/div>\n\t\t\t\t<div class=\"elementor-element elementor-element-837554e elementor-widget elementor-widget-text-editor\" data-id=\"837554e\" data-element_type=\"widget\" data-e-type=\"widget\" data-widget_type=\"text-editor.default\">\n\t\t\t\t<div class=\"elementor-widget-container\">\n\t\t\t\t\t\t\t\t\t<p>Nudimo vam:<\/p><ul><li>implementacija ERP sistema i njihovo prilago\u0111avanje zahtevima korisnika, \u010dime se omogu\u0107ava br\u017ei odziv i ve\u0107a produktivnost,<\/li><li>automatizacija,<\/li><li>uvoz i izvoz podataka,<\/li><li>implementacija DMS sistema, pomo\u0107u kojih mo\u017eemo optimizovati poslovne procese u svim odeljenjima unutar kompanije,<\/li><li>integracija ERP i DMS sistema,<\/li><li>upoznavanje korisnika sa funkcionalnostima ERP i DMS sistema, kao i korisni\u010dka podr\u0161ka.<\/li><\/ul>\t\t\t\t\t\t\t\t<\/div>\n\t\t\t\t<\/div>\n\t\t\t\t\t<\/div>\n\t\t\t\t<\/div>\n\t\t<div class=\"elementor-element elementor-element-a9bbbc6 e-flex e-con-boxed e-con e-child\" data-id=\"a9bbbc6\" data-element_type=\"container\" data-e-type=\"container\">\n\t\t\t\t\t<div class=\"e-con-inner\">\n\t\t\t\t<div class=\"elementor-element elementor-element-273baa1 elementor-widget elementor-widget-image\" data-id=\"273baa1\" data-element_type=\"widget\" data-e-type=\"widget\" data-widget_type=\"image.default\">\n\t\t\t\t<div class=\"elementor-widget-container\">\n\t\t\t\t\t\t\t\t\t\t\t\t\t\t\t<img decoding=\"async\" width=\"640\" height=\"400\" src=\"https:\/\/it.unija.com\/wp-content\/uploads\/2024\/08\/Celovite-resitve-za-implementacijo-in-integracijo-ERP-in-DMS-sistemov_1200-px-1024x640.jpg\" class=\"attachment-large size-large wp-image-1844\" alt=\"\" srcset=\"https:\/\/it.unija.com\/wp-content\/uploads\/2024\/08\/Celovite-resitve-za-implementacijo-in-integracijo-ERP-in-DMS-sistemov_1200-px-1024x640.jpg 1024w, https:\/\/it.unija.com\/wp-content\/uploads\/2024\/08\/Celovite-resitve-za-implementacijo-in-integracijo-ERP-in-DMS-sistemov_1200-px-300x188.jpg 300w, https:\/\/it.unija.com\/wp-content\/uploads\/2024\/08\/Celovite-resitve-za-implementacijo-in-integracijo-ERP-in-DMS-sistemov_1200-px-768x480.jpg 768w, https:\/\/it.unija.com\/wp-content\/uploads\/2024\/08\/Celovite-resitve-za-implementacijo-in-integracijo-ERP-in-DMS-sistemov_1200-px.jpg 1200w\" sizes=\"(max-width: 640px) 100vw, 640px\" \/>\t\t\t\t\t\t\t\t\t\t\t\t\t\t\t<\/div>\n\t\t\t\t<\/div>\n\t\t\t\t\t<\/div>\n\t\t\t\t<\/div>\n\t\t\t\t\t<\/div>\n\t\t\t\t<\/div>\n\t\t\t\t\t<\/div>\n\t\t\t\t<\/div>\n\t\t<div class=\"elementor-element elementor-element-4349a75 e-con-full e-flex e-con e-parent\" data-id=\"4349a75\" data-element_type=\"container\" data-e-type=\"container\" data-settings=\"{&quot;background_background&quot;:&quot;classic&quot;}\">\n\t\t<div class=\"elementor-element elementor-element-094ef9c e-flex e-con-boxed e-con e-child\" data-id=\"094ef9c\" data-element_type=\"container\" data-e-type=\"container\">\n\t\t\t\t\t<div class=\"e-con-inner\">\n\t\t<div class=\"elementor-element elementor-element-d557ad3 e-flex e-con-boxed e-con e-child\" data-id=\"d557ad3\" data-element_type=\"container\" data-e-type=\"container\">\n\t\t\t\t\t<div class=\"e-con-inner\">\n\t\t<div class=\"elementor-element elementor-element-4c79972 e-flex e-con-boxed e-con e-child\" data-id=\"4c79972\" data-element_type=\"container\" data-e-type=\"container\">\n\t\t\t\t\t<div class=\"e-con-inner\">\n\t\t\t\t<div class=\"elementor-element elementor-element-4c6c99a elementor-widget elementor-widget-heading\" data-id=\"4c6c99a\" data-element_type=\"widget\" data-e-type=\"widget\" data-widget_type=\"heading.default\">\n\t\t\t\t<div class=\"elementor-widget-container\">\n\t\t\t\t\t<h2 class=\"elementor-heading-title elementor-size-default\">Da li se suo\u010davate sa izazovima u oblasti IT-a?\n<\/h2>\t\t\t\t<\/div>\n\t\t\t\t<\/div>\n\t\t\t\t<div class=\"elementor-element elementor-element-c1127b8 cta-btn elementor-align-center elementor-widget elementor-widget-button\" data-id=\"c1127b8\" data-element_type=\"widget\" data-e-type=\"widget\" data-widget_type=\"button.default\">\n\t\t\t\t<div class=\"elementor-widget-container\">\n\t\t\t\t\t\t\t\t\t<div class=\"elementor-button-wrapper\">\n\t\t\t\t\t<a class=\"elementor-button elementor-button-link elementor-size-md\" href=\"https:\/\/it.unija.com\/sr\/zahtev\/%20\">\n\t\t\t\t\t\t<span class=\"elementor-button-content-wrapper\">\n\t\t\t\t\t\t\t\t\t<span class=\"elementor-button-text\">Po\u0161aljite nam upit<\/span>\n\t\t\t\t\t<\/span>\n\t\t\t\t\t<\/a>\n\t\t\t\t<\/div>\n\t\t\t\t\t\t\t\t<\/div>\n\t\t\t\t<\/div>\n\t\t\t\t\t<\/div>\n\t\t\t\t<\/div>\n\t\t\t\t\t<\/div>\n\t\t\t\t<\/div>\n\t\t\t\t\t<\/div>\n\t\t\t\t<\/div>\n\t\t\t\t<\/div>\n\t\t\t\t<\/div>\n\t\t","protected":false},"excerpt":{"rendered":"<p>POSLOVNA INFORMATIKA Mi vodimo ra\u010duna o nesmetanom radu programa i aplikacija, tako da vi mo\u017eete efikasno raditi svoj posao. Po\u0161aljite [&hellip;]<\/p>\n","protected":false},"author":1,"featured_media":1619,"parent":0,"menu_order":0,"comment_status":"closed","ping_status":"closed","template":"elementor_header_footer","meta":{"_acf_changed":false,"inline_featured_image":false,"footnotes":""},"class_list":["post-2271","page","type-page","status-publish","has-post-thumbnail","hentry"],"acf":[],"yoast_head":"<!-- This site is optimized with the Yoast SEO plugin v27.4 - https:\/\/yoast.com\/product\/yoast-seo-wordpress\/ -->\n<title>Poslovna informatika: ERP i DMS re\u0161enja - Unija Sibit<\/title>\n<meta name=\"description\" content=\"Optimizujte radne procese pomo\u0107u ERP i DMS sistema. Digitalizacija i automatizacija za ve\u0107u efikasnost. Sveobuhvatna IT re\u0161enja za podr\u0161ku va\u0161em poslovanju.\" \/>\n<meta name=\"robots\" content=\"index, follow, max-snippet:-1, max-image-preview:large, max-video-preview:-1\" \/>\n<link rel=\"canonical\" href=\"https:\/\/it.unija.com\/sr\/poslovna-informatika\/\" \/>\n<meta property=\"og:locale\" content=\"sr_RS\" \/>\n<meta property=\"og:type\" content=\"article\" \/>\n<meta property=\"og:title\" content=\"Poslovna informatika: ERP i DMS re\u0161enja - Unija Sibit\" \/>\n<meta property=\"og:description\" content=\"Optimizujte radne procese pomo\u0107u ERP i DMS sistema. Digitalizacija i automatizacija za ve\u0107u efikasnost. Sveobuhvatna IT re\u0161enja za podr\u0161ku va\u0161em poslovanju.\" \/>\n<meta property=\"og:url\" content=\"https:\/\/it.unija.com\/sr\/poslovna-informatika\/\" \/>\n<meta property=\"og:site_name\" content=\"Unija ETL IT Solutions\" \/>\n<meta property=\"article:modified_time\" content=\"2025-04-07T09:44:35+00:00\" \/>\n<meta property=\"og:image\" content=\"https:\/\/it.unija.com\/wp-content\/uploads\/2024\/04\/Poslovna-informatika.jpg\" \/>\n\t<meta property=\"og:image:width\" content=\"1920\" \/>\n\t<meta property=\"og:image:height\" content=\"1280\" \/>\n\t<meta property=\"og:image:type\" content=\"image\/jpeg\" \/>\n<meta name=\"twitter:card\" content=\"summary_large_image\" \/>\n<meta name=\"twitter:label1\" content=\"\u041f\u0440\u043e\u0446\u0435\u045a\u0435\u043d\u043e \u0432\u0440\u0435\u043c\u0435 \u0447\u0438\u0442\u0430\u045a\u0430\" \/>\n\t<meta name=\"twitter:data1\" content=\"2 \u043c\u0438\u043d\u0443\u0442\u0430\" \/>\n<script type=\"application\/ld+json\" class=\"yoast-schema-graph\">{\"@context\":\"https:\\\/\\\/schema.org\",\"@graph\":[{\"@type\":\"WebPage\",\"@id\":\"https:\\\/\\\/it.unija.com\\\/sr\\\/poslovna-informatika\\\/\",\"url\":\"https:\\\/\\\/it.unija.com\\\/sr\\\/poslovna-informatika\\\/\",\"name\":\"Poslovna informatika: ERP i DMS re\u0161enja - Unija Sibit\",\"isPartOf\":{\"@id\":\"https:\\\/\\\/it.unija.com\\\/sr\\\/#website\"},\"primaryImageOfPage\":{\"@id\":\"https:\\\/\\\/it.unija.com\\\/sr\\\/poslovna-informatika\\\/#primaryimage\"},\"image\":{\"@id\":\"https:\\\/\\\/it.unija.com\\\/sr\\\/poslovna-informatika\\\/#primaryimage\"},\"thumbnailUrl\":\"https:\\\/\\\/it.unija.com\\\/wp-content\\\/uploads\\\/2024\\\/04\\\/Poslovna-informatika.jpg\",\"datePublished\":\"2024-06-05T13:01:53+00:00\",\"dateModified\":\"2025-04-07T09:44:35+00:00\",\"description\":\"Optimizujte radne procese pomo\u0107u ERP i DMS sistema. Digitalizacija i automatizacija za ve\u0107u efikasnost. Sveobuhvatna IT re\u0161enja za podr\u0161ku va\u0161em poslovanju.\",\"breadcrumb\":{\"@id\":\"https:\\\/\\\/it.unija.com\\\/sr\\\/poslovna-informatika\\\/#breadcrumb\"},\"inLanguage\":\"sr-RS\",\"potentialAction\":[{\"@type\":\"ReadAction\",\"target\":[\"https:\\\/\\\/it.unija.com\\\/sr\\\/poslovna-informatika\\\/\"]}]},{\"@type\":\"ImageObject\",\"inLanguage\":\"sr-RS\",\"@id\":\"https:\\\/\\\/it.unija.com\\\/sr\\\/poslovna-informatika\\\/#primaryimage\",\"url\":\"https:\\\/\\\/it.unija.com\\\/wp-content\\\/uploads\\\/2024\\\/04\\\/Poslovna-informatika.jpg\",\"contentUrl\":\"https:\\\/\\\/it.unija.com\\\/wp-content\\\/uploads\\\/2024\\\/04\\\/Poslovna-informatika.jpg\",\"width\":1920,\"height\":1280},{\"@type\":\"BreadcrumbList\",\"@id\":\"https:\\\/\\\/it.unija.com\\\/sr\\\/poslovna-informatika\\\/#breadcrumb\",\"itemListElement\":[{\"@type\":\"ListItem\",\"position\":1,\"name\":\"Home\",\"item\":\"https:\\\/\\\/it.unija.com\\\/sr\\\/\"},{\"@type\":\"ListItem\",\"position\":2,\"name\":\"Poslovna informatika\"}]},{\"@type\":\"WebSite\",\"@id\":\"https:\\\/\\\/it.unija.com\\\/sr\\\/#website\",\"url\":\"https:\\\/\\\/it.unija.com\\\/sr\\\/\",\"name\":\"Unija ETL IT Solutions\",\"description\":\"IT re\u0161itve za bolj\u0161e poslovanje\",\"publisher\":{\"@id\":\"https:\\\/\\\/it.unija.com\\\/sr\\\/#organization\"},\"potentialAction\":[{\"@type\":\"SearchAction\",\"target\":{\"@type\":\"EntryPoint\",\"urlTemplate\":\"https:\\\/\\\/it.unija.com\\\/sr\\\/?s={search_term_string}\"},\"query-input\":{\"@type\":\"PropertyValueSpecification\",\"valueRequired\":true,\"valueName\":\"search_term_string\"}}],\"inLanguage\":\"sr-RS\"},{\"@type\":\"Organization\",\"@id\":\"https:\\\/\\\/it.unija.com\\\/sr\\\/#organization\",\"name\":\"Unija ETL IT Solutions\",\"url\":\"https:\\\/\\\/it.unija.com\\\/sr\\\/\",\"logo\":{\"@type\":\"ImageObject\",\"inLanguage\":\"sr-RS\",\"@id\":\"https:\\\/\\\/it.unija.com\\\/sr\\\/#\\\/schema\\\/logo\\\/image\\\/\",\"url\":\"https:\\\/\\\/it.unija.com\\\/wp-content\\\/uploads\\\/2026\\\/02\\\/Unija-ETL-IT-Solutions-Logo.png\",\"contentUrl\":\"https:\\\/\\\/it.unija.com\\\/wp-content\\\/uploads\\\/2026\\\/02\\\/Unija-ETL-IT-Solutions-Logo.png\",\"width\":250,\"height\":79,\"caption\":\"Unija ETL IT Solutions\"},\"image\":{\"@id\":\"https:\\\/\\\/it.unija.com\\\/sr\\\/#\\\/schema\\\/logo\\\/image\\\/\"}}]}<\/script>\n<!-- \/ Yoast SEO plugin. -->","yoast_head_json":{"title":"Poslovna informatika: ERP i DMS re\u0161enja - Unija Sibit","description":"Optimizujte radne procese pomo\u0107u ERP i DMS sistema. Digitalizacija i automatizacija za ve\u0107u efikasnost. Sveobuhvatna IT re\u0161enja za podr\u0161ku va\u0161em poslovanju.","robots":{"index":"index","follow":"follow","max-snippet":"max-snippet:-1","max-image-preview":"max-image-preview:large","max-video-preview":"max-video-preview:-1"},"canonical":"https:\/\/it.unija.com\/sr\/poslovna-informatika\/","og_locale":"sr_RS","og_type":"article","og_title":"Poslovna informatika: ERP i DMS re\u0161enja - Unija Sibit","og_description":"Optimizujte radne procese pomo\u0107u ERP i DMS sistema. Digitalizacija i automatizacija za ve\u0107u efikasnost. Sveobuhvatna IT re\u0161enja za podr\u0161ku va\u0161em poslovanju.","og_url":"https:\/\/it.unija.com\/sr\/poslovna-informatika\/","og_site_name":"Unija ETL IT Solutions","article_modified_time":"2025-04-07T09:44:35+00:00","og_image":[{"width":1920,"height":1280,"url":"https:\/\/it.unija.com\/wp-content\/uploads\/2024\/04\/Poslovna-informatika.jpg","type":"image\/jpeg"}],"twitter_card":"summary_large_image","twitter_misc":{"\u041f\u0440\u043e\u0446\u0435\u045a\u0435\u043d\u043e \u0432\u0440\u0435\u043c\u0435 \u0447\u0438\u0442\u0430\u045a\u0430":"2 \u043c\u0438\u043d\u0443\u0442\u0430"},"schema":{"@context":"https:\/\/schema.org","@graph":[{"@type":"WebPage","@id":"https:\/\/it.unija.com\/sr\/poslovna-informatika\/","url":"https:\/\/it.unija.com\/sr\/poslovna-informatika\/","name":"Poslovna informatika: ERP i DMS re\u0161enja - Unija Sibit","isPartOf":{"@id":"https:\/\/it.unija.com\/sr\/#website"},"primaryImageOfPage":{"@id":"https:\/\/it.unija.com\/sr\/poslovna-informatika\/#primaryimage"},"image":{"@id":"https:\/\/it.unija.com\/sr\/poslovna-informatika\/#primaryimage"},"thumbnailUrl":"https:\/\/it.unija.com\/wp-content\/uploads\/2024\/04\/Poslovna-informatika.jpg","datePublished":"2024-06-05T13:01:53+00:00","dateModified":"2025-04-07T09:44:35+00:00","description":"Optimizujte radne procese pomo\u0107u ERP i DMS sistema. Digitalizacija i automatizacija za ve\u0107u efikasnost. Sveobuhvatna IT re\u0161enja za podr\u0161ku va\u0161em poslovanju.","breadcrumb":{"@id":"https:\/\/it.unija.com\/sr\/poslovna-informatika\/#breadcrumb"},"inLanguage":"sr-RS","potentialAction":[{"@type":"ReadAction","target":["https:\/\/it.unija.com\/sr\/poslovna-informatika\/"]}]},{"@type":"ImageObject","inLanguage":"sr-RS","@id":"https:\/\/it.unija.com\/sr\/poslovna-informatika\/#primaryimage","url":"https:\/\/it.unija.com\/wp-content\/uploads\/2024\/04\/Poslovna-informatika.jpg","contentUrl":"https:\/\/it.unija.com\/wp-content\/uploads\/2024\/04\/Poslovna-informatika.jpg","width":1920,"height":1280},{"@type":"BreadcrumbList","@id":"https:\/\/it.unija.com\/sr\/poslovna-informatika\/#breadcrumb","itemListElement":[{"@type":"ListItem","position":1,"name":"Home","item":"https:\/\/it.unija.com\/sr\/"},{"@type":"ListItem","position":2,"name":"Poslovna informatika"}]},{"@type":"WebSite","@id":"https:\/\/it.unija.com\/sr\/#website","url":"https:\/\/it.unija.com\/sr\/","name":"Unija ETL IT Solutions","description":"IT re\u0161itve za bolj\u0161e poslovanje","publisher":{"@id":"https:\/\/it.unija.com\/sr\/#organization"},"potentialAction":[{"@type":"SearchAction","target":{"@type":"EntryPoint","urlTemplate":"https:\/\/it.unija.com\/sr\/?s={search_term_string}"},"query-input":{"@type":"PropertyValueSpecification","valueRequired":true,"valueName":"search_term_string"}}],"inLanguage":"sr-RS"},{"@type":"Organization","@id":"https:\/\/it.unija.com\/sr\/#organization","name":"Unija ETL IT Solutions","url":"https:\/\/it.unija.com\/sr\/","logo":{"@type":"ImageObject","inLanguage":"sr-RS","@id":"https:\/\/it.unija.com\/sr\/#\/schema\/logo\/image\/","url":"https:\/\/it.unija.com\/wp-content\/uploads\/2026\/02\/Unija-ETL-IT-Solutions-Logo.png","contentUrl":"https:\/\/it.unija.com\/wp-content\/uploads\/2026\/02\/Unija-ETL-IT-Solutions-Logo.png","width":250,"height":79,"caption":"Unija ETL IT Solutions"},"image":{"@id":"https:\/\/it.unija.com\/sr\/#\/schema\/logo\/image\/"}}]}},"_links":{"self":[{"href":"https:\/\/it.unija.com\/sr\/wp-json\/wp\/v2\/pages\/2271","targetHints":{"allow":["GET"]}}],"collection":[{"href":"https:\/\/it.unija.com\/sr\/wp-json\/wp\/v2\/pages"}],"about":[{"href":"https:\/\/it.unija.com\/sr\/wp-json\/wp\/v2\/types\/page"}],"author":[{"embeddable":true,"href":"https:\/\/it.unija.com\/sr\/wp-json\/wp\/v2\/users\/1"}],"replies":[{"embeddable":true,"href":"https:\/\/it.unija.com\/sr\/wp-json\/wp\/v2\/comments?post=2271"}],"version-history":[{"count":10,"href":"https:\/\/it.unija.com\/sr\/wp-json\/wp\/v2\/pages\/2271\/revisions"}],"predecessor-version":[{"id":3533,"href":"https:\/\/it.unija.com\/sr\/wp-json\/wp\/v2\/pages\/2271\/revisions\/3533"}],"wp:featuredmedia":[{"embeddable":true,"href":"https:\/\/it.unija.com\/sr\/wp-json\/wp\/v2\/media\/1619"}],"wp:attachment":[{"href":"https:\/\/it.unija.com\/sr\/wp-json\/wp\/v2\/media?parent=2271"}],"curies":[{"name":"wp","href":"https:\/\/api.w.org\/{rel}","templated":true}]}}