
{"id":2152,"date":"2024-06-05T15:01:53","date_gmt":"2024-06-05T13:01:53","guid":{"rendered":"https:\/\/it.unija.com\/poslovna-informatika\/"},"modified":"2026-03-10T09:38:28","modified_gmt":"2026-03-10T08:38:28","slug":"poslovna-informatika","status":"publish","type":"page","link":"https:\/\/it.unija.com\/hr\/poslovna-informatika\/","title":{"rendered":"Poslovna informatika"},"content":{"rendered":"\t\t<div data-elementor-type=\"wp-page\" data-elementor-id=\"2152\" class=\"elementor elementor-2152 elementor-375\" data-elementor-post-type=\"page\">\n\t\t\t\t<div class=\"elementor-element elementor-element-96ce476 e-con-full e-flex e-con e-child\" data-id=\"96ce476\" data-element_type=\"container\" data-e-type=\"container\" data-settings=\"{&quot;background_background&quot;:&quot;classic&quot;,&quot;background_motion_fx_motion_fx_scrolling&quot;:&quot;yes&quot;,&quot;background_motion_fx_blur_effect&quot;:&quot;yes&quot;,&quot;background_motion_fx_blur_direction&quot;:&quot;in-out&quot;,&quot;background_motion_fx_blur_level&quot;:{&quot;unit&quot;:&quot;px&quot;,&quot;size&quot;:5,&quot;sizes&quot;:[]},&quot;background_motion_fx_blur_range&quot;:{&quot;unit&quot;:&quot;%&quot;,&quot;size&quot;:&quot;&quot;,&quot;sizes&quot;:{&quot;start&quot;:59,&quot;end&quot;:100}},&quot;background_motion_fx_devices&quot;:[&quot;desktop&quot;]}\">\n\t\t<div class=\"elementor-element elementor-element-4fb890a e-con-full e-flex e-con e-child\" data-id=\"4fb890a\" data-element_type=\"container\" data-e-type=\"container\">\n\t\t<div class=\"elementor-element elementor-element-17bd699 e-flex e-con-boxed e-con e-child\" data-id=\"17bd699\" data-element_type=\"container\" data-e-type=\"container\">\n\t\t\t\t\t<div class=\"e-con-inner\">\n\t\t\t\t<div class=\"elementor-element elementor-element-e4bf507 animated-fast elementor-invisible elementor-widget elementor-widget-heading\" data-id=\"e4bf507\" data-element_type=\"widget\" data-e-type=\"widget\" data-settings=\"{&quot;_animation&quot;:&quot;fadeInLeft&quot;}\" data-widget_type=\"heading.default\">\n\t\t\t\t<div class=\"elementor-widget-container\">\n\t\t\t\t\t<h2 class=\"elementor-heading-title elementor-size-default\">POSLOVNA INFORMATIKA<\/h2>\t\t\t\t<\/div>\n\t\t\t\t<\/div>\n\t\t\t\t<div class=\"elementor-element elementor-element-a5d94b1 elementor-widget__width-initial animated-fast elementor-invisible elementor-widget elementor-widget-heading\" data-id=\"a5d94b1\" data-element_type=\"widget\" data-e-type=\"widget\" data-settings=\"{&quot;_animation&quot;:&quot;fadeInLeft&quot;,&quot;_animation_delay&quot;:50}\" data-widget_type=\"heading.default\">\n\t\t\t\t<div class=\"elementor-widget-container\">\n\t\t\t\t\t<h2 class=\"elementor-heading-title elementor-size-default\">Brinemo se za nesmetan rad programa i aplikacija, kako biste svoj posao obavljali u\u010dinkovito.<\/h2>\t\t\t\t<\/div>\n\t\t\t\t<\/div>\n\t\t\t\t<div class=\"elementor-element elementor-element-5c2bf63 cta-btn animated-fast elementor-invisible elementor-widget elementor-widget-button\" data-id=\"5c2bf63\" data-element_type=\"widget\" data-e-type=\"widget\" data-settings=\"{&quot;_animation&quot;:&quot;fadeInLeft&quot;,&quot;_animation_delay&quot;:100}\" data-widget_type=\"button.default\">\n\t\t\t\t<div class=\"elementor-widget-container\">\n\t\t\t\t\t\t\t\t\t<div class=\"elementor-button-wrapper\">\n\t\t\t\t\t<a class=\"elementor-button elementor-button-link elementor-size-md\" href=\"https:\/\/it.unija.com\/hr\/zahtjev\/\">\n\t\t\t\t\t\t<span class=\"elementor-button-content-wrapper\">\n\t\t\t\t\t\t\t\t\t<span class=\"elementor-button-text\">Po\u0161aljite nam upit<\/span>\n\t\t\t\t\t<\/span>\n\t\t\t\t\t<\/a>\n\t\t\t\t<\/div>\n\t\t\t\t\t\t\t\t<\/div>\n\t\t\t\t<\/div>\n\t\t\t\t\t<\/div>\n\t\t\t\t<\/div>\n\t\t\t\t<\/div>\n\t\t\t\t<\/div>\n\t\t<div class=\"elementor-element elementor-element-4693709 e-flex e-con-boxed e-con e-child\" data-id=\"4693709\" data-element_type=\"container\" data-e-type=\"container\">\n\t\t\t\t\t<div class=\"e-con-inner\">\n\t\t<div class=\"elementor-element elementor-element-52cefaf e-flex e-con-boxed e-con e-child\" data-id=\"52cefaf\" data-element_type=\"container\" data-e-type=\"container\">\n\t\t\t\t\t<div class=\"e-con-inner\">\n\t\t<div class=\"elementor-element elementor-element-dd4f1f9 e-flex e-con-boxed e-con e-child\" data-id=\"dd4f1f9\" data-element_type=\"container\" data-e-type=\"container\">\n\t\t\t\t\t<div class=\"e-con-inner\">\n\t\t\t\t<div class=\"elementor-element elementor-element-6ba9f1c elementor-widget elementor-widget-heading\" data-id=\"6ba9f1c\" data-element_type=\"widget\" data-e-type=\"widget\" data-widget_type=\"heading.default\">\n\t\t\t\t<div class=\"elementor-widget-container\">\n\t\t\t\t\t<h2 class=\"elementor-heading-title elementor-size-default\">Optimiziranje radnih procesa za bolju u\u010dinkovitost i korisni\u010dku podr\u0161ku<\/h2>\t\t\t\t<\/div>\n\t\t\t\t<\/div>\n\t\t\t\t<div class=\"elementor-element elementor-element-04c1cb6 elementor-widget elementor-widget-text-editor\" data-id=\"04c1cb6\" data-element_type=\"widget\" data-e-type=\"widget\" data-widget_type=\"text-editor.default\">\n\t\t\t\t<div class=\"elementor-widget-container\">\n\t\t\t\t\t\t\t\t\t<p>Velik dio vremena posve\u0107ujemo digitalizaciji radnih procesa, unapre\u0111enju poslovnih procesa i razvoju novih funkcionalnosti.<\/p><p>Na taj na\u010din osiguravamo da na\u0161i zaposlenici tro\u0161e manje vremena na ponavljaju\u0107e zadatke i da se mogu posvetiti savjetovanju i podr\u0161ci kupcima.<\/p>\t\t\t\t\t\t\t\t<\/div>\n\t\t\t\t<\/div>\n\t\t\t\t\t<\/div>\n\t\t\t\t<\/div>\n\t\t<div class=\"elementor-element elementor-element-f4621f3 e-flex e-con-boxed e-con e-child\" data-id=\"f4621f3\" data-element_type=\"container\" data-e-type=\"container\">\n\t\t\t\t\t<div class=\"e-con-inner\">\n\t\t\t\t<div class=\"elementor-element elementor-element-f25b4c0 elementor-widget elementor-widget-image\" data-id=\"f25b4c0\" data-element_type=\"widget\" data-e-type=\"widget\" data-widget_type=\"image.default\">\n\t\t\t\t<div class=\"elementor-widget-container\">\n\t\t\t\t\t\t\t\t\t\t\t\t\t\t\t<img fetchpriority=\"high\" decoding=\"async\" width=\"640\" height=\"394\" src=\"https:\/\/it.unija.com\/wp-content\/uploads\/2024\/08\/Optimizacija-delovnih-procesov-za-boljso-ucinkovitost-in-podporo-strankam_1200-px-1024x631.jpg\" class=\"attachment-large size-large wp-image-1836\" alt=\"\" srcset=\"https:\/\/it.unija.com\/wp-content\/uploads\/2024\/08\/Optimizacija-delovnih-procesov-za-boljso-ucinkovitost-in-podporo-strankam_1200-px-1024x631.jpg 1024w, https:\/\/it.unija.com\/wp-content\/uploads\/2024\/08\/Optimizacija-delovnih-procesov-za-boljso-ucinkovitost-in-podporo-strankam_1200-px-300x185.jpg 300w, https:\/\/it.unija.com\/wp-content\/uploads\/2024\/08\/Optimizacija-delovnih-procesov-za-boljso-ucinkovitost-in-podporo-strankam_1200-px-768x474.jpg 768w, https:\/\/it.unija.com\/wp-content\/uploads\/2024\/08\/Optimizacija-delovnih-procesov-za-boljso-ucinkovitost-in-podporo-strankam_1200-px.jpg 1200w\" sizes=\"(max-width: 640px) 100vw, 640px\" \/>\t\t\t\t\t\t\t\t\t\t\t\t\t\t\t<\/div>\n\t\t\t\t<\/div>\n\t\t\t\t\t<\/div>\n\t\t\t\t<\/div>\n\t\t\t\t\t<\/div>\n\t\t\t\t<\/div>\n\t\t\t\t\t<\/div>\n\t\t\t\t<\/div>\n\t\t<div class=\"elementor-element elementor-element-10805c7 e-flex e-con-boxed e-con e-child\" data-id=\"10805c7\" data-element_type=\"container\" data-e-type=\"container\">\n\t\t\t\t\t<div class=\"e-con-inner\">\n\t\t<div class=\"elementor-element elementor-element-e63c2b5 e-flex e-con-boxed e-con e-child\" data-id=\"e63c2b5\" data-element_type=\"container\" data-e-type=\"container\">\n\t\t\t\t\t<div class=\"e-con-inner\">\n\t\t<div class=\"elementor-element elementor-element-eafc5a3 e-flex e-con-boxed e-con e-child\" data-id=\"eafc5a3\" data-element_type=\"container\" data-e-type=\"container\">\n\t\t\t\t\t<div class=\"e-con-inner\">\n\t\t\t\t<div class=\"elementor-element elementor-element-1a385c2 elementor-widget elementor-widget-heading\" data-id=\"1a385c2\" data-element_type=\"widget\" data-e-type=\"widget\" data-widget_type=\"heading.default\">\n\t\t\t\t<div class=\"elementor-widget-container\">\n\t\t\t\t\t<h2 class=\"elementor-heading-title elementor-size-default\">Sveobuhvatna rje\u0161enja za implementaciju i integraciju ERP i DMS sustava<\/h2>\t\t\t\t<\/div>\n\t\t\t\t<\/div>\n\t\t\t\t<div class=\"elementor-element elementor-element-837554e elementor-widget elementor-widget-text-editor\" data-id=\"837554e\" data-element_type=\"widget\" data-e-type=\"widget\" data-widget_type=\"text-editor.default\">\n\t\t\t\t<div class=\"elementor-widget-container\">\n\t\t\t\t\t\t\t\t\t<p>Nudimo vam:<\/p><ul><li>Implementaciju ERP sustava i njihovu prilagodbu specifi\u010dnim zahtjevima korisnika, \u010dime osiguravamo bolju responzivnost i produktivnost va\u0161e tvrtke.<\/li><li>Automatske veze izme\u0111u ERP sustava, omogu\u0107uju\u0107i nesmetanu razmjenu podataka unutar organizacije.<\/li><li>Uvoz i izvoz podataka izme\u0111u ERP sustava, \u010dime omogu\u0107ujemo jednostavniju migraciju podataka i integraciju s drugim sustavima.<\/li><li>Implementaciju DMS sustava u tvrtkama, uz pomo\u0107 kojih optimiziramo i ubrzavamo poslovne procese u svim odjelima tvrtke.<\/li><li>Integraciju ERP i DMS sustava, \u010dime stvaramo jedinstven ekosustav za va\u0161u organizaciju.<\/li><li>Edukaciju korisnika o kori\u0161tenju ERP i DMS sustava te pru\u017eanje podr\u0161ke u svakodnevnoj upotrebi.<\/li><\/ul>\t\t\t\t\t\t\t\t<\/div>\n\t\t\t\t<\/div>\n\t\t\t\t\t<\/div>\n\t\t\t\t<\/div>\n\t\t<div class=\"elementor-element elementor-element-a9bbbc6 e-flex e-con-boxed e-con e-child\" data-id=\"a9bbbc6\" data-element_type=\"container\" data-e-type=\"container\">\n\t\t\t\t\t<div class=\"e-con-inner\">\n\t\t\t\t<div class=\"elementor-element elementor-element-273baa1 elementor-widget elementor-widget-image\" data-id=\"273baa1\" data-element_type=\"widget\" data-e-type=\"widget\" data-widget_type=\"image.default\">\n\t\t\t\t<div class=\"elementor-widget-container\">\n\t\t\t\t\t\t\t\t\t\t\t\t\t\t\t<img decoding=\"async\" width=\"640\" height=\"400\" src=\"https:\/\/it.unija.com\/wp-content\/uploads\/2024\/08\/Celovite-resitve-za-implementacijo-in-integracijo-ERP-in-DMS-sistemov_1200-px-1024x640.jpg\" class=\"attachment-large size-large wp-image-1841\" alt=\"\" srcset=\"https:\/\/it.unija.com\/wp-content\/uploads\/2024\/08\/Celovite-resitve-za-implementacijo-in-integracijo-ERP-in-DMS-sistemov_1200-px-1024x640.jpg 1024w, https:\/\/it.unija.com\/wp-content\/uploads\/2024\/08\/Celovite-resitve-za-implementacijo-in-integracijo-ERP-in-DMS-sistemov_1200-px-300x188.jpg 300w, https:\/\/it.unija.com\/wp-content\/uploads\/2024\/08\/Celovite-resitve-za-implementacijo-in-integracijo-ERP-in-DMS-sistemov_1200-px-768x480.jpg 768w, https:\/\/it.unija.com\/wp-content\/uploads\/2024\/08\/Celovite-resitve-za-implementacijo-in-integracijo-ERP-in-DMS-sistemov_1200-px.jpg 1200w\" sizes=\"(max-width: 640px) 100vw, 640px\" \/>\t\t\t\t\t\t\t\t\t\t\t\t\t\t\t<\/div>\n\t\t\t\t<\/div>\n\t\t\t\t\t<\/div>\n\t\t\t\t<\/div>\n\t\t\t\t\t<\/div>\n\t\t\t\t<\/div>\n\t\t\t\t\t<\/div>\n\t\t\t\t<\/div>\n\t\t<div class=\"elementor-element elementor-element-4349a75 e-con-full e-flex e-con e-parent\" data-id=\"4349a75\" data-element_type=\"container\" data-e-type=\"container\" data-settings=\"{&quot;background_background&quot;:&quot;classic&quot;}\">\n\t\t<div class=\"elementor-element elementor-element-094ef9c e-flex e-con-boxed e-con e-child\" data-id=\"094ef9c\" data-element_type=\"container\" data-e-type=\"container\">\n\t\t\t\t\t<div class=\"e-con-inner\">\n\t\t<div class=\"elementor-element elementor-element-d557ad3 e-flex e-con-boxed e-con e-child\" data-id=\"d557ad3\" data-element_type=\"container\" data-e-type=\"container\">\n\t\t\t\t\t<div class=\"e-con-inner\">\n\t\t<div class=\"elementor-element elementor-element-4c79972 e-flex e-con-boxed e-con e-child\" data-id=\"4c79972\" data-element_type=\"container\" data-e-type=\"container\">\n\t\t\t\t\t<div class=\"e-con-inner\">\n\t\t\t\t<div class=\"elementor-element elementor-element-4c6c99a elementor-widget elementor-widget-heading\" data-id=\"4c6c99a\" data-element_type=\"widget\" data-e-type=\"widget\" data-widget_type=\"heading.default\">\n\t\t\t\t<div class=\"elementor-widget-container\">\n\t\t\t\t\t<h2 class=\"elementor-heading-title elementor-size-default\">Suo\u010davate li se s IT izazovima?<\/h2>\t\t\t\t<\/div>\n\t\t\t\t<\/div>\n\t\t\t\t<div class=\"elementor-element elementor-element-c1127b8 cta-btn elementor-align-center elementor-widget elementor-widget-button\" data-id=\"c1127b8\" data-element_type=\"widget\" data-e-type=\"widget\" data-widget_type=\"button.default\">\n\t\t\t\t<div class=\"elementor-widget-container\">\n\t\t\t\t\t\t\t\t\t<div class=\"elementor-button-wrapper\">\n\t\t\t\t\t<a class=\"elementor-button elementor-button-link elementor-size-md\" href=\"https:\/\/it.unija.com\/hr\/zahtjev\/\">\n\t\t\t\t\t\t<span class=\"elementor-button-content-wrapper\">\n\t\t\t\t\t\t\t\t\t<span class=\"elementor-button-text\">Po\u0161aljite nam upit<\/span>\n\t\t\t\t\t<\/span>\n\t\t\t\t\t<\/a>\n\t\t\t\t<\/div>\n\t\t\t\t\t\t\t\t<\/div>\n\t\t\t\t<\/div>\n\t\t\t\t\t<\/div>\n\t\t\t\t<\/div>\n\t\t\t\t\t<\/div>\n\t\t\t\t<\/div>\n\t\t\t\t\t<\/div>\n\t\t\t\t<\/div>\n\t\t\t\t<\/div>\n\t\t\t\t<\/div>\n\t\t","protected":false},"excerpt":{"rendered":"<p>POSLOVNA INFORMATIKA Brinemo se za nesmetan rad programa i aplikacija, kako biste svoj posao obavljali u\u010dinkovito. Po\u0161aljite nam upit Optimiziranje [&hellip;]<\/p>\n","protected":false},"author":1,"featured_media":1616,"parent":0,"menu_order":0,"comment_status":"closed","ping_status":"closed","template":"elementor_header_footer","meta":{"_acf_changed":false,"inline_featured_image":false,"footnotes":""},"class_list":["post-2152","page","type-page","status-publish","has-post-thumbnail","hentry"],"acf":[],"yoast_head":"<!-- This site is optimized with the Yoast SEO plugin v27.4 - https:\/\/yoast.com\/product\/yoast-seo-wordpress\/ -->\n<title>Poslovna informatika: ERP i DMS rje\u0161enja - Unija Sibit<\/title>\n<meta name=\"description\" content=\"Optimizirajte radne procese s ERP i DMS sustavima. Digitalizacija i automatizacija za ve\u0107u u\u010dinkovitost. Sveobuhvatna IT rje\u0161enja za podr\u0161ku va\u0161oj tvrtki.\" \/>\n<meta name=\"robots\" content=\"index, follow, max-snippet:-1, max-image-preview:large, max-video-preview:-1\" \/>\n<link rel=\"canonical\" href=\"https:\/\/it.unija.com\/hr\/poslovna-informatika\/\" \/>\n<meta property=\"og:locale\" content=\"hr_HR\" \/>\n<meta property=\"og:type\" content=\"article\" \/>\n<meta property=\"og:title\" content=\"Poslovna informatika: ERP i DMS rje\u0161enja - Unija Sibit\" \/>\n<meta property=\"og:description\" content=\"Optimizirajte radne procese s ERP i DMS sustavima. Digitalizacija i automatizacija za ve\u0107u u\u010dinkovitost. Sveobuhvatna IT rje\u0161enja za podr\u0161ku va\u0161oj tvrtki.\" \/>\n<meta property=\"og:url\" content=\"https:\/\/it.unija.com\/hr\/poslovna-informatika\/\" \/>\n<meta property=\"og:site_name\" content=\"Unija ETL IT Solutions\" \/>\n<meta property=\"article:modified_time\" content=\"2026-03-10T08:38:28+00:00\" \/>\n<meta property=\"og:image\" content=\"https:\/\/it.unija.com\/wp-content\/uploads\/2024\/04\/Poslovna-informatika.jpg\" \/>\n\t<meta property=\"og:image:width\" content=\"1920\" \/>\n\t<meta property=\"og:image:height\" content=\"1280\" \/>\n\t<meta property=\"og:image:type\" content=\"image\/jpeg\" \/>\n<meta name=\"twitter:card\" content=\"summary_large_image\" \/>\n<meta name=\"twitter:label1\" content=\"Procijenjeno vrijeme \u010ditanja\" \/>\n\t<meta name=\"twitter:data1\" content=\"2 minute\" \/>\n<script type=\"application\/ld+json\" class=\"yoast-schema-graph\">{\"@context\":\"https:\\\/\\\/schema.org\",\"@graph\":[{\"@type\":\"WebPage\",\"@id\":\"https:\\\/\\\/it.unija.com\\\/hr\\\/poslovna-informatika\\\/\",\"url\":\"https:\\\/\\\/it.unija.com\\\/hr\\\/poslovna-informatika\\\/\",\"name\":\"Poslovna informatika: ERP i DMS rje\u0161enja - Unija Sibit\",\"isPartOf\":{\"@id\":\"https:\\\/\\\/it.unija.com\\\/hr\\\/#website\"},\"primaryImageOfPage\":{\"@id\":\"https:\\\/\\\/it.unija.com\\\/hr\\\/poslovna-informatika\\\/#primaryimage\"},\"image\":{\"@id\":\"https:\\\/\\\/it.unija.com\\\/hr\\\/poslovna-informatika\\\/#primaryimage\"},\"thumbnailUrl\":\"https:\\\/\\\/it.unija.com\\\/wp-content\\\/uploads\\\/2024\\\/04\\\/Poslovna-informatika.jpg\",\"datePublished\":\"2024-06-05T13:01:53+00:00\",\"dateModified\":\"2026-03-10T08:38:28+00:00\",\"description\":\"Optimizirajte radne procese s ERP i DMS sustavima. Digitalizacija i automatizacija za ve\u0107u u\u010dinkovitost. Sveobuhvatna IT rje\u0161enja za podr\u0161ku va\u0161oj tvrtki.\",\"breadcrumb\":{\"@id\":\"https:\\\/\\\/it.unija.com\\\/hr\\\/poslovna-informatika\\\/#breadcrumb\"},\"inLanguage\":\"hr\",\"potentialAction\":[{\"@type\":\"ReadAction\",\"target\":[\"https:\\\/\\\/it.unija.com\\\/hr\\\/poslovna-informatika\\\/\"]}]},{\"@type\":\"ImageObject\",\"inLanguage\":\"hr\",\"@id\":\"https:\\\/\\\/it.unija.com\\\/hr\\\/poslovna-informatika\\\/#primaryimage\",\"url\":\"https:\\\/\\\/it.unija.com\\\/wp-content\\\/uploads\\\/2024\\\/04\\\/Poslovna-informatika.jpg\",\"contentUrl\":\"https:\\\/\\\/it.unija.com\\\/wp-content\\\/uploads\\\/2024\\\/04\\\/Poslovna-informatika.jpg\",\"width\":1920,\"height\":1280},{\"@type\":\"BreadcrumbList\",\"@id\":\"https:\\\/\\\/it.unija.com\\\/hr\\\/poslovna-informatika\\\/#breadcrumb\",\"itemListElement\":[{\"@type\":\"ListItem\",\"position\":1,\"name\":\"Home\",\"item\":\"https:\\\/\\\/it.unija.com\\\/hr\\\/\"},{\"@type\":\"ListItem\",\"position\":2,\"name\":\"Poslovna informatika\"}]},{\"@type\":\"WebSite\",\"@id\":\"https:\\\/\\\/it.unija.com\\\/hr\\\/#website\",\"url\":\"https:\\\/\\\/it.unija.com\\\/hr\\\/\",\"name\":\"Unija ETL IT Solutions\",\"description\":\"IT re\u0161itve za bolj\u0161e poslovanje\",\"publisher\":{\"@id\":\"https:\\\/\\\/it.unija.com\\\/hr\\\/#organization\"},\"potentialAction\":[{\"@type\":\"SearchAction\",\"target\":{\"@type\":\"EntryPoint\",\"urlTemplate\":\"https:\\\/\\\/it.unija.com\\\/hr\\\/?s={search_term_string}\"},\"query-input\":{\"@type\":\"PropertyValueSpecification\",\"valueRequired\":true,\"valueName\":\"search_term_string\"}}],\"inLanguage\":\"hr\"},{\"@type\":\"Organization\",\"@id\":\"https:\\\/\\\/it.unija.com\\\/hr\\\/#organization\",\"name\":\"Unija ETL IT Solutions\",\"url\":\"https:\\\/\\\/it.unija.com\\\/hr\\\/\",\"logo\":{\"@type\":\"ImageObject\",\"inLanguage\":\"hr\",\"@id\":\"https:\\\/\\\/it.unija.com\\\/hr\\\/#\\\/schema\\\/logo\\\/image\\\/\",\"url\":\"https:\\\/\\\/it.unija.com\\\/wp-content\\\/uploads\\\/2026\\\/02\\\/Unija-ETL-IT-Solutions-Logo.png\",\"contentUrl\":\"https:\\\/\\\/it.unija.com\\\/wp-content\\\/uploads\\\/2026\\\/02\\\/Unija-ETL-IT-Solutions-Logo.png\",\"width\":250,\"height\":79,\"caption\":\"Unija ETL IT Solutions\"},\"image\":{\"@id\":\"https:\\\/\\\/it.unija.com\\\/hr\\\/#\\\/schema\\\/logo\\\/image\\\/\"}}]}<\/script>\n<!-- \/ Yoast SEO plugin. -->","yoast_head_json":{"title":"Poslovna informatika: ERP i DMS rje\u0161enja - Unija Sibit","description":"Optimizirajte radne procese s ERP i DMS sustavima. Digitalizacija i automatizacija za ve\u0107u u\u010dinkovitost. Sveobuhvatna IT rje\u0161enja za podr\u0161ku va\u0161oj tvrtki.","robots":{"index":"index","follow":"follow","max-snippet":"max-snippet:-1","max-image-preview":"max-image-preview:large","max-video-preview":"max-video-preview:-1"},"canonical":"https:\/\/it.unija.com\/hr\/poslovna-informatika\/","og_locale":"hr_HR","og_type":"article","og_title":"Poslovna informatika: ERP i DMS rje\u0161enja - Unija Sibit","og_description":"Optimizirajte radne procese s ERP i DMS sustavima. Digitalizacija i automatizacija za ve\u0107u u\u010dinkovitost. Sveobuhvatna IT rje\u0161enja za podr\u0161ku va\u0161oj tvrtki.","og_url":"https:\/\/it.unija.com\/hr\/poslovna-informatika\/","og_site_name":"Unija ETL IT Solutions","article_modified_time":"2026-03-10T08:38:28+00:00","og_image":[{"width":1920,"height":1280,"url":"https:\/\/it.unija.com\/wp-content\/uploads\/2024\/04\/Poslovna-informatika.jpg","type":"image\/jpeg"}],"twitter_card":"summary_large_image","twitter_misc":{"Procijenjeno vrijeme \u010ditanja":"2 minute"},"schema":{"@context":"https:\/\/schema.org","@graph":[{"@type":"WebPage","@id":"https:\/\/it.unija.com\/hr\/poslovna-informatika\/","url":"https:\/\/it.unija.com\/hr\/poslovna-informatika\/","name":"Poslovna informatika: ERP i DMS rje\u0161enja - Unija Sibit","isPartOf":{"@id":"https:\/\/it.unija.com\/hr\/#website"},"primaryImageOfPage":{"@id":"https:\/\/it.unija.com\/hr\/poslovna-informatika\/#primaryimage"},"image":{"@id":"https:\/\/it.unija.com\/hr\/poslovna-informatika\/#primaryimage"},"thumbnailUrl":"https:\/\/it.unija.com\/wp-content\/uploads\/2024\/04\/Poslovna-informatika.jpg","datePublished":"2024-06-05T13:01:53+00:00","dateModified":"2026-03-10T08:38:28+00:00","description":"Optimizirajte radne procese s ERP i DMS sustavima. Digitalizacija i automatizacija za ve\u0107u u\u010dinkovitost. Sveobuhvatna IT rje\u0161enja za podr\u0161ku va\u0161oj tvrtki.","breadcrumb":{"@id":"https:\/\/it.unija.com\/hr\/poslovna-informatika\/#breadcrumb"},"inLanguage":"hr","potentialAction":[{"@type":"ReadAction","target":["https:\/\/it.unija.com\/hr\/poslovna-informatika\/"]}]},{"@type":"ImageObject","inLanguage":"hr","@id":"https:\/\/it.unija.com\/hr\/poslovna-informatika\/#primaryimage","url":"https:\/\/it.unija.com\/wp-content\/uploads\/2024\/04\/Poslovna-informatika.jpg","contentUrl":"https:\/\/it.unija.com\/wp-content\/uploads\/2024\/04\/Poslovna-informatika.jpg","width":1920,"height":1280},{"@type":"BreadcrumbList","@id":"https:\/\/it.unija.com\/hr\/poslovna-informatika\/#breadcrumb","itemListElement":[{"@type":"ListItem","position":1,"name":"Home","item":"https:\/\/it.unija.com\/hr\/"},{"@type":"ListItem","position":2,"name":"Poslovna informatika"}]},{"@type":"WebSite","@id":"https:\/\/it.unija.com\/hr\/#website","url":"https:\/\/it.unija.com\/hr\/","name":"Unija ETL IT Solutions","description":"IT re\u0161itve za bolj\u0161e poslovanje","publisher":{"@id":"https:\/\/it.unija.com\/hr\/#organization"},"potentialAction":[{"@type":"SearchAction","target":{"@type":"EntryPoint","urlTemplate":"https:\/\/it.unija.com\/hr\/?s={search_term_string}"},"query-input":{"@type":"PropertyValueSpecification","valueRequired":true,"valueName":"search_term_string"}}],"inLanguage":"hr"},{"@type":"Organization","@id":"https:\/\/it.unija.com\/hr\/#organization","name":"Unija ETL IT Solutions","url":"https:\/\/it.unija.com\/hr\/","logo":{"@type":"ImageObject","inLanguage":"hr","@id":"https:\/\/it.unija.com\/hr\/#\/schema\/logo\/image\/","url":"https:\/\/it.unija.com\/wp-content\/uploads\/2026\/02\/Unija-ETL-IT-Solutions-Logo.png","contentUrl":"https:\/\/it.unija.com\/wp-content\/uploads\/2026\/02\/Unija-ETL-IT-Solutions-Logo.png","width":250,"height":79,"caption":"Unija ETL IT Solutions"},"image":{"@id":"https:\/\/it.unija.com\/hr\/#\/schema\/logo\/image\/"}}]}},"_links":{"self":[{"href":"https:\/\/it.unija.com\/hr\/wp-json\/wp\/v2\/pages\/2152","targetHints":{"allow":["GET"]}}],"collection":[{"href":"https:\/\/it.unija.com\/hr\/wp-json\/wp\/v2\/pages"}],"about":[{"href":"https:\/\/it.unija.com\/hr\/wp-json\/wp\/v2\/types\/page"}],"author":[{"embeddable":true,"href":"https:\/\/it.unija.com\/hr\/wp-json\/wp\/v2\/users\/1"}],"replies":[{"embeddable":true,"href":"https:\/\/it.unija.com\/hr\/wp-json\/wp\/v2\/comments?post=2152"}],"version-history":[{"count":7,"href":"https:\/\/it.unija.com\/hr\/wp-json\/wp\/v2\/pages\/2152\/revisions"}],"predecessor-version":[{"id":4676,"href":"https:\/\/it.unija.com\/hr\/wp-json\/wp\/v2\/pages\/2152\/revisions\/4676"}],"wp:featuredmedia":[{"embeddable":true,"href":"https:\/\/it.unija.com\/hr\/wp-json\/wp\/v2\/media\/1616"}],"wp:attachment":[{"href":"https:\/\/it.unija.com\/hr\/wp-json\/wp\/v2\/media?parent=2152"}],"curies":[{"name":"wp","href":"https:\/\/api.w.org\/{rel}","templated":true}]}}