
{"id":3663,"date":"2024-04-30T10:01:05","date_gmt":"2024-04-30T08:01:05","guid":{"rendered":"https:\/\/it.unija.com\/it-projekte\/"},"modified":"2025-04-22T09:15:48","modified_gmt":"2025-04-22T07:15:48","slug":"it-projekte","status":"publish","type":"page","link":"https:\/\/it.unija.com\/de\/it-projekte\/","title":{"rendered":"IT-Projekte"},"content":{"rendered":"\t\t<div data-elementor-type=\"wp-page\" data-elementor-id=\"3663\" class=\"elementor elementor-3663 elementor-338\" data-elementor-post-type=\"page\">\n\t\t\t\t<div class=\"elementor-element elementor-element-77bc0fb e-con-full e-flex e-con e-child\" data-id=\"77bc0fb\" data-element_type=\"container\" data-e-type=\"container\" data-settings=\"{&quot;background_background&quot;:&quot;classic&quot;,&quot;background_motion_fx_motion_fx_scrolling&quot;:&quot;yes&quot;,&quot;background_motion_fx_blur_effect&quot;:&quot;yes&quot;,&quot;background_motion_fx_blur_direction&quot;:&quot;in-out&quot;,&quot;background_motion_fx_blur_level&quot;:{&quot;unit&quot;:&quot;px&quot;,&quot;size&quot;:5,&quot;sizes&quot;:[]},&quot;background_motion_fx_blur_range&quot;:{&quot;unit&quot;:&quot;%&quot;,&quot;size&quot;:&quot;&quot;,&quot;sizes&quot;:{&quot;start&quot;:59,&quot;end&quot;:100}},&quot;background_motion_fx_devices&quot;:[&quot;desktop&quot;]}\">\n\t\t<div class=\"elementor-element elementor-element-caeb1dd e-con-full e-flex e-con e-child\" data-id=\"caeb1dd\" data-element_type=\"container\" data-e-type=\"container\">\n\t\t<div class=\"elementor-element elementor-element-8f21386 e-flex e-con-boxed e-con e-child\" data-id=\"8f21386\" data-element_type=\"container\" data-e-type=\"container\">\n\t\t\t\t\t<div class=\"e-con-inner\">\n\t\t\t\t<div class=\"elementor-element elementor-element-05fcac3 animated-fast elementor-invisible elementor-widget elementor-widget-heading\" data-id=\"05fcac3\" data-element_type=\"widget\" data-e-type=\"widget\" data-settings=\"{&quot;_animation&quot;:&quot;fadeInLeft&quot;}\" data-widget_type=\"heading.default\">\n\t\t\t\t<div class=\"elementor-widget-container\">\n\t\t\t\t\t<h2 class=\"elementor-heading-title elementor-size-default\">IT-PROJEKTE  <\/h2>\t\t\t\t<\/div>\n\t\t\t\t<\/div>\n\t\t\t\t<div class=\"elementor-element elementor-element-b835fe5 elementor-widget__width-initial animated-fast elementor-invisible elementor-widget elementor-widget-heading\" data-id=\"b835fe5\" data-element_type=\"widget\" data-e-type=\"widget\" data-settings=\"{&quot;_animation&quot;:&quot;fadeInLeft&quot;,&quot;_animation_delay&quot;:50}\" data-widget_type=\"heading.default\">\n\t\t\t\t<div class=\"elementor-widget-container\">\n\t\t\t\t\t<h2 class=\"elementor-heading-title elementor-size-default\">Wir bieten Ihnen eine umfassende Planung, Verwaltung und Umsetzung von ICT-Projekten - gemeinsam mit Ihnen, von Anfang bis Ende. <\/h2>\t\t\t\t<\/div>\n\t\t\t\t<\/div>\n\t\t\t\t<div class=\"elementor-element elementor-element-26f3993 cta-btn animated-fast elementor-invisible elementor-widget elementor-widget-button\" data-id=\"26f3993\" data-element_type=\"widget\" data-e-type=\"widget\" data-settings=\"{&quot;_animation&quot;:&quot;fadeInLeft&quot;,&quot;_animation_delay&quot;:100}\" data-widget_type=\"button.default\">\n\t\t\t\t<div class=\"elementor-widget-container\">\n\t\t\t\t\t\t\t\t\t<div class=\"elementor-button-wrapper\">\n\t\t\t\t\t<a class=\"elementor-button elementor-button-link elementor-size-md\" href=\"https:\/\/it.unija.com\/de\/kontakt\/\">\n\t\t\t\t\t\t<span class=\"elementor-button-content-wrapper\">\n\t\t\t\t\t\t\t\t\t<span class=\"elementor-button-text\">Senden Sie uns eine Anfrage<\/span>\n\t\t\t\t\t<\/span>\n\t\t\t\t\t<\/a>\n\t\t\t\t<\/div>\n\t\t\t\t\t\t\t\t<\/div>\n\t\t\t\t<\/div>\n\t\t\t\t\t<\/div>\n\t\t\t\t<\/div>\n\t\t\t\t<\/div>\n\t\t\t\t<\/div>\n\t\t<div class=\"elementor-element elementor-element-74b7960 e-flex e-con-boxed e-con e-child\" data-id=\"74b7960\" data-element_type=\"container\" data-e-type=\"container\">\n\t\t\t\t\t<div class=\"e-con-inner\">\n\t\t<div class=\"elementor-element elementor-element-d1994df e-flex e-con-boxed e-con e-child\" data-id=\"d1994df\" data-element_type=\"container\" data-e-type=\"container\">\n\t\t\t\t\t<div class=\"e-con-inner\">\n\t\t<div class=\"elementor-element elementor-element-ec96aa9 e-flex e-con-boxed e-con e-child\" data-id=\"ec96aa9\" data-element_type=\"container\" data-e-type=\"container\">\n\t\t\t\t\t<div class=\"e-con-inner\">\n\t\t\t\t<div class=\"elementor-element elementor-element-e442efb elementor-widget elementor-widget-heading\" data-id=\"e442efb\" data-element_type=\"widget\" data-e-type=\"widget\" data-widget_type=\"heading.default\">\n\t\t\t\t<div class=\"elementor-widget-container\">\n\t\t\t\t\t<h2 class=\"elementor-heading-title elementor-size-default\">PLANUNG  <\/h2>\t\t\t\t<\/div>\n\t\t\t\t<\/div>\n\t\t\t\t<div class=\"elementor-element elementor-element-c3db359 elementor-widget elementor-widget-text-editor\" data-id=\"c3db359\" data-element_type=\"widget\" data-e-type=\"widget\" data-widget_type=\"text-editor.default\">\n\t\t\t\t<div class=\"elementor-widget-container\">\n\t\t\t\t\t\t\t\t\t<p>Erfolgreiche IT-Projekte beginnen mit einer guten Planung.<\/p>\n<p>Wir bieten Ihnen vielf\u00e4ltige L\u00f6sungen f\u00fcr die Planung, das Management und die Umsetzung Ihrer Projekte. Mit Hilfe unseres Expertenteams und ganzheitlichen Ansatzes erreichen Sie schnell Ihre IT-Ziele. &nbsp;<\/p>\n<p>Wir beginnen mit dem Verst\u00e4ndnis Ihrer Ziele und Anforderungen. Gemeinsam definieren wir den Projektumfang, identifizieren wichtige Anforderungen und stellen klare Erfolgskriterien fest. Unsere Erfahrung und Expertise erm\u00f6glichen uns, eine Strategie zu entwickeln, die perfekt auf Ihre Herausforderungen und Gesch\u00e4ftsziele passt.  &nbsp;<\/p>\t\t\t\t\t\t\t\t<\/div>\n\t\t\t\t<\/div>\n\t\t\t\t\t<\/div>\n\t\t\t\t<\/div>\n\t\t<div class=\"elementor-element elementor-element-c4d23bc e-flex e-con-boxed e-con e-child\" data-id=\"c4d23bc\" data-element_type=\"container\" data-e-type=\"container\">\n\t\t\t\t\t<div class=\"e-con-inner\">\n\t\t\t\t<div class=\"elementor-element elementor-element-93f1352 elementor-widget elementor-widget-image\" data-id=\"93f1352\" data-element_type=\"widget\" data-e-type=\"widget\" data-widget_type=\"image.default\">\n\t\t\t\t<div class=\"elementor-widget-container\">\n\t\t\t\t\t\t\t\t\t\t\t\t\t\t\t<img fetchpriority=\"high\" decoding=\"async\" width=\"640\" height=\"424\" src=\"https:\/\/it.unija.com\/wp-content\/uploads\/2024\/08\/NACRTOVANJE_1200-px-1024x678.jpg\" class=\"attachment-large size-large wp-image-3664\" alt=\"\" srcset=\"https:\/\/it.unija.com\/wp-content\/uploads\/2024\/08\/NACRTOVANJE_1200-px-1024x678.jpg 1024w, https:\/\/it.unija.com\/wp-content\/uploads\/2024\/08\/NACRTOVANJE_1200-px-300x199.jpg 300w, https:\/\/it.unija.com\/wp-content\/uploads\/2024\/08\/NACRTOVANJE_1200-px-768x508.jpg 768w, https:\/\/it.unija.com\/wp-content\/uploads\/2024\/08\/NACRTOVANJE_1200-px.jpg 1200w\" sizes=\"(max-width: 640px) 100vw, 640px\" \/>\t\t\t\t\t\t\t\t\t\t\t\t\t\t\t<\/div>\n\t\t\t\t<\/div>\n\t\t\t\t\t<\/div>\n\t\t\t\t<\/div>\n\t\t\t\t\t<\/div>\n\t\t\t\t<\/div>\n\t\t\t\t\t<\/div>\n\t\t\t\t<\/div>\n\t\t<div class=\"elementor-element elementor-element-bb2187f e-flex e-con-boxed e-con e-child\" data-id=\"bb2187f\" data-element_type=\"container\" data-e-type=\"container\">\n\t\t\t\t\t<div class=\"e-con-inner\">\n\t\t<div class=\"elementor-element elementor-element-0f46a39 e-flex e-con-boxed e-con e-child\" data-id=\"0f46a39\" data-element_type=\"container\" data-e-type=\"container\">\n\t\t\t\t\t<div class=\"e-con-inner\">\n\t\t<div class=\"elementor-element elementor-element-95e5ee4 e-flex e-con-boxed e-con e-child\" data-id=\"95e5ee4\" data-element_type=\"container\" data-e-type=\"container\">\n\t\t\t\t\t<div class=\"e-con-inner\">\n\t\t\t\t<div class=\"elementor-element elementor-element-61bedbf elementor-widget elementor-widget-heading\" data-id=\"61bedbf\" data-element_type=\"widget\" data-e-type=\"widget\" data-widget_type=\"heading.default\">\n\t\t\t\t<div class=\"elementor-widget-container\">\n\t\t\t\t\t<h2 class=\"elementor-heading-title elementor-size-default\">PROJEKTLEITUNG<\/h2>\t\t\t\t<\/div>\n\t\t\t\t<\/div>\n\t\t\t\t<div class=\"elementor-element elementor-element-36ee7f8 elementor-widget elementor-widget-text-editor\" data-id=\"36ee7f8\" data-element_type=\"widget\" data-e-type=\"widget\" data-widget_type=\"text-editor.default\">\n\t\t\t\t<div class=\"elementor-widget-container\">\n\t\t\t\t\t\t\t\t\t<p>Nach der Planung \u00fcbernehmen wir mit h\u00f6chster Sorgfalt und Pr\u00e4zision das Projektmanagement. Unser Team unterst\u00fctzt Sie bei der effizienten Ressourcenverwaltung, der Terminplanung und der kontinuierlichen Fortschrittskontrolle. <\/p><p>Unser flexibler Ansatz meistert Ver\u00e4nderungen und Herausforderungen, damit Sie Ihr Projekt im Griff behalten und optimale Ergebnisse erzielen k\u00f6nnen. <\/p>\t\t\t\t\t\t\t\t<\/div>\n\t\t\t\t<\/div>\n\t\t\t\t\t<\/div>\n\t\t\t\t<\/div>\n\t\t<div class=\"elementor-element elementor-element-3b119ed e-flex e-con-boxed e-con e-child\" data-id=\"3b119ed\" data-element_type=\"container\" data-e-type=\"container\">\n\t\t\t\t\t<div class=\"e-con-inner\">\n\t\t\t\t<div class=\"elementor-element elementor-element-283fde4 elementor-widget elementor-widget-image\" data-id=\"283fde4\" data-element_type=\"widget\" data-e-type=\"widget\" data-widget_type=\"image.default\">\n\t\t\t\t<div class=\"elementor-widget-container\">\n\t\t\t\t\t\t\t\t\t\t\t\t\t\t\t<img decoding=\"async\" width=\"640\" height=\"366\" src=\"https:\/\/it.unija.com\/wp-content\/uploads\/2024\/08\/VODENJE_1200-px-1024x585.jpg\" class=\"attachment-large size-large wp-image-3665\" alt=\"\" srcset=\"https:\/\/it.unija.com\/wp-content\/uploads\/2024\/08\/VODENJE_1200-px-1024x585.jpg 1024w, https:\/\/it.unija.com\/wp-content\/uploads\/2024\/08\/VODENJE_1200-px-300x172.jpg 300w, https:\/\/it.unija.com\/wp-content\/uploads\/2024\/08\/VODENJE_1200-px-768x439.jpg 768w, https:\/\/it.unija.com\/wp-content\/uploads\/2024\/08\/VODENJE_1200-px.jpg 1200w\" sizes=\"(max-width: 640px) 100vw, 640px\" \/>\t\t\t\t\t\t\t\t\t\t\t\t\t\t\t<\/div>\n\t\t\t\t<\/div>\n\t\t\t\t\t<\/div>\n\t\t\t\t<\/div>\n\t\t\t\t\t<\/div>\n\t\t\t\t<\/div>\n\t\t\t\t\t<\/div>\n\t\t\t\t<\/div>\n\t\t<div class=\"elementor-element elementor-element-519f809 e-flex e-con-boxed e-con e-child\" data-id=\"519f809\" data-element_type=\"container\" data-e-type=\"container\">\n\t\t\t\t\t<div class=\"e-con-inner\">\n\t\t<div class=\"elementor-element elementor-element-1a94869 e-flex e-con-boxed e-con e-child\" data-id=\"1a94869\" data-element_type=\"container\" data-e-type=\"container\">\n\t\t\t\t\t<div class=\"e-con-inner\">\n\t\t<div class=\"elementor-element elementor-element-5cf905c e-flex e-con-boxed e-con e-child\" data-id=\"5cf905c\" data-element_type=\"container\" data-e-type=\"container\">\n\t\t\t\t\t<div class=\"e-con-inner\">\n\t\t\t\t<div class=\"elementor-element elementor-element-bc04a3f elementor-widget elementor-widget-heading\" data-id=\"bc04a3f\" data-element_type=\"widget\" data-e-type=\"widget\" data-widget_type=\"heading.default\">\n\t\t\t\t<div class=\"elementor-widget-container\">\n\t\t\t\t\t<h2 class=\"elementor-heading-title elementor-size-default\">ZUSAMMENFASSUNG<\/h2>\t\t\t\t<\/div>\n\t\t\t\t<\/div>\n\t\t\t\t<div class=\"elementor-element elementor-element-07e7ebc elementor-widget elementor-widget-text-editor\" data-id=\"07e7ebc\" data-element_type=\"widget\" data-e-type=\"widget\" data-widget_type=\"text-editor.default\">\n\t\t\t\t<div class=\"elementor-widget-container\">\n\t\t\t\t\t\t\t\t\t<p>W\u00e4hrend der Projektlaufzeit konzentrieren wir uns auf pr\u00e4zise und zuverl\u00e4ssige Ergebnisse. Unser Team sorgt f\u00fcr einen reibungslosen Ablauf aller Prozesse, koordiniert die verschiedenen Stakeholder und stellt sicher, dass alle Schritte nach h\u00f6chsten Qualit\u00e4tsstandards durchgef\u00fchrt werden. So wird gew\u00e4hrleistet, dass Ihr Projekt die Ziele termingerecht, im Budget und ohne unn\u00f6tige Komplikationen erreicht.  <\/p><p><br>Mit unserer umfassenden Unterst\u00fctzung bei der Planung, dem Management und der Implementierung von IT-Projekten erzielen Sie herausragende Ergebnisse und k\u00f6nnen sich auf Ihre Gesch\u00e4ftsziele konzentrieren. Vertrauen Sie uns Ihre Projekte an \u2013 gemeinsam schaffen wir nachhaltige Innovationen und erm\u00f6glichen Ihrem Unternehmen, in der digitalen Welt aufzubl\u00fchen. <\/p>\t\t\t\t\t\t\t\t<\/div>\n\t\t\t\t<\/div>\n\t\t\t\t\t<\/div>\n\t\t\t\t<\/div>\n\t\t<div class=\"elementor-element elementor-element-a442e43 e-flex e-con-boxed e-con e-child\" data-id=\"a442e43\" data-element_type=\"container\" data-e-type=\"container\">\n\t\t\t\t\t<div class=\"e-con-inner\">\n\t\t\t\t<div class=\"elementor-element elementor-element-967c4c6 elementor-widget elementor-widget-image\" data-id=\"967c4c6\" data-element_type=\"widget\" data-e-type=\"widget\" data-widget_type=\"image.default\">\n\t\t\t\t<div class=\"elementor-widget-container\">\n\t\t\t\t\t\t\t\t\t\t\t\t\t\t\t<img decoding=\"async\" width=\"640\" height=\"427\" src=\"https:\/\/it.unija.com\/wp-content\/uploads\/2024\/08\/IZVEDBA_1200-px-1024x683.jpg\" class=\"attachment-large size-large wp-image-3666\" alt=\"\" srcset=\"https:\/\/it.unija.com\/wp-content\/uploads\/2024\/08\/IZVEDBA_1200-px-1024x683.jpg 1024w, https:\/\/it.unija.com\/wp-content\/uploads\/2024\/08\/IZVEDBA_1200-px-300x200.jpg 300w, https:\/\/it.unija.com\/wp-content\/uploads\/2024\/08\/IZVEDBA_1200-px-768x512.jpg 768w, https:\/\/it.unija.com\/wp-content\/uploads\/2024\/08\/IZVEDBA_1200-px.jpg 1200w\" sizes=\"(max-width: 640px) 100vw, 640px\" \/>\t\t\t\t\t\t\t\t\t\t\t\t\t\t\t<\/div>\n\t\t\t\t<\/div>\n\t\t\t\t\t<\/div>\n\t\t\t\t<\/div>\n\t\t\t\t\t<\/div>\n\t\t\t\t<\/div>\n\t\t\t\t\t<\/div>\n\t\t\t\t<\/div>\n\t\t<div class=\"elementor-element elementor-element-6ead204 e-con-full e-flex e-con e-parent\" data-id=\"6ead204\" data-element_type=\"container\" data-e-type=\"container\" data-settings=\"{&quot;background_background&quot;:&quot;classic&quot;}\">\n\t\t<div class=\"elementor-element elementor-element-57ba293 e-flex e-con-boxed e-con e-child\" data-id=\"57ba293\" data-element_type=\"container\" data-e-type=\"container\">\n\t\t\t\t\t<div class=\"e-con-inner\">\n\t\t<div class=\"elementor-element elementor-element-ebd41fa e-flex e-con-boxed e-con e-child\" data-id=\"ebd41fa\" data-element_type=\"container\" data-e-type=\"container\">\n\t\t\t\t\t<div class=\"e-con-inner\">\n\t\t<div class=\"elementor-element elementor-element-90ba225 e-flex e-con-boxed e-con e-child\" data-id=\"90ba225\" data-element_type=\"container\" data-e-type=\"container\">\n\t\t\t\t\t<div class=\"e-con-inner\">\n\t\t\t\t<div class=\"elementor-element elementor-element-ce66df6 elementor-widget elementor-widget-heading\" data-id=\"ce66df6\" data-element_type=\"widget\" data-e-type=\"widget\" data-widget_type=\"heading.default\">\n\t\t\t\t<div class=\"elementor-widget-container\">\n\t\t\t\t\t<h2 class=\"elementor-heading-title elementor-size-default\">Stehen Sie vor IT-Herausforderungen?<\/h2>\t\t\t\t<\/div>\n\t\t\t\t<\/div>\n\t\t\t\t<div class=\"elementor-element elementor-element-b5da47d cta-btn elementor-align-center elementor-widget elementor-widget-button\" data-id=\"b5da47d\" data-element_type=\"widget\" data-e-type=\"widget\" data-widget_type=\"button.default\">\n\t\t\t\t<div class=\"elementor-widget-container\">\n\t\t\t\t\t\t\t\t\t<div class=\"elementor-button-wrapper\">\n\t\t\t\t\t<a class=\"elementor-button elementor-button-link elementor-size-md\" href=\"https:\/\/unija.com\/de\/kontakt\/\">\n\t\t\t\t\t\t<span class=\"elementor-button-content-wrapper\">\n\t\t\t\t\t\t\t\t\t<span class=\"elementor-button-text\">Senden Sie uns eine Anfrage<\/span>\n\t\t\t\t\t<\/span>\n\t\t\t\t\t<\/a>\n\t\t\t\t<\/div>\n\t\t\t\t\t\t\t\t<\/div>\n\t\t\t\t<\/div>\n\t\t\t\t\t<\/div>\n\t\t\t\t<\/div>\n\t\t\t\t\t<\/div>\n\t\t\t\t<\/div>\n\t\t\t\t\t<\/div>\n\t\t\t\t<\/div>\n\t\t\t\t<\/div>\n\t\t\t\t<\/div>\n\t\t","protected":false},"excerpt":{"rendered":"<p>IT-PROJEKTE Wir bieten Ihnen eine umfassende Planung, Verwaltung und Umsetzung von ICT-Projekten &#8211; gemeinsam mit Ihnen, von Anfang bis Ende. [&hellip;]<\/p>\n","protected":false},"author":1,"featured_media":3661,"parent":0,"menu_order":0,"comment_status":"closed","ping_status":"closed","template":"","meta":{"_acf_changed":false,"inline_featured_image":false,"footnotes":""},"class_list":["post-3663","page","type-page","status-publish","has-post-thumbnail","hentry"],"acf":[],"yoast_head":"<!-- This site is optimized with the Yoast SEO plugin v27.4 - https:\/\/yoast.com\/product\/yoast-seo-wordpress\/ -->\n<title>IT-Projekte und Systemintegration - Unija Sibit<\/title>\n<meta name=\"description\" content=\"Wir planen und implementieren IT-Projekte, um Ihr Unternehmen zu optimieren. Wir bieten ma\u00dfgeschneiderte L\u00f6sungen, die das Wachstum und die digitale Transformation von Unternehmen f\u00f6rdern.\" \/>\n<meta name=\"robots\" content=\"index, follow, max-snippet:-1, max-image-preview:large, max-video-preview:-1\" \/>\n<link rel=\"canonical\" href=\"https:\/\/it.unija.com\/de\/it-projekte\/\" \/>\n<meta property=\"og:locale\" content=\"de_DE\" \/>\n<meta property=\"og:type\" content=\"article\" \/>\n<meta property=\"og:title\" content=\"IT-Projekte und Systemintegration - Unija Sibit\" \/>\n<meta property=\"og:description\" content=\"Wir planen und implementieren IT-Projekte, um Ihr Unternehmen zu optimieren. Wir bieten ma\u00dfgeschneiderte L\u00f6sungen, die das Wachstum und die digitale Transformation von Unternehmen f\u00f6rdern.\" \/>\n<meta property=\"og:url\" content=\"https:\/\/it.unija.com\/de\/it-projekte\/\" \/>\n<meta property=\"og:site_name\" content=\"Unija ETL IT Solutions\" \/>\n<meta property=\"article:modified_time\" content=\"2025-04-22T07:15:48+00:00\" \/>\n<meta property=\"og:image\" content=\"https:\/\/it.unija.com\/wp-content\/uploads\/2024\/04\/IT-podpora.jpg\" \/>\n\t<meta property=\"og:image:width\" content=\"1920\" \/>\n\t<meta property=\"og:image:height\" content=\"1061\" \/>\n\t<meta property=\"og:image:type\" content=\"image\/jpeg\" \/>\n<meta name=\"twitter:card\" content=\"summary_large_image\" \/>\n<meta name=\"twitter:label1\" content=\"Gesch\u00e4tzte Lesezeit\" \/>\n\t<meta name=\"twitter:data1\" content=\"1\u00a0Minute\" \/>\n<script type=\"application\/ld+json\" class=\"yoast-schema-graph\">{\"@context\":\"https:\\\/\\\/schema.org\",\"@graph\":[{\"@type\":\"WebPage\",\"@id\":\"https:\\\/\\\/it.unija.com\\\/de\\\/it-projekte\\\/\",\"url\":\"https:\\\/\\\/it.unija.com\\\/de\\\/it-projekte\\\/\",\"name\":\"IT-Projekte und Systemintegration - Unija Sibit\",\"isPartOf\":{\"@id\":\"https:\\\/\\\/it.unija.com\\\/de\\\/#website\"},\"primaryImageOfPage\":{\"@id\":\"https:\\\/\\\/it.unija.com\\\/de\\\/it-projekte\\\/#primaryimage\"},\"image\":{\"@id\":\"https:\\\/\\\/it.unija.com\\\/de\\\/it-projekte\\\/#primaryimage\"},\"thumbnailUrl\":\"https:\\\/\\\/it.unija.com\\\/wp-content\\\/uploads\\\/2024\\\/04\\\/IT-podpora.jpg\",\"datePublished\":\"2024-04-30T08:01:05+00:00\",\"dateModified\":\"2025-04-22T07:15:48+00:00\",\"description\":\"Wir planen und implementieren IT-Projekte, um Ihr Unternehmen zu optimieren. Wir bieten ma\u00dfgeschneiderte L\u00f6sungen, die das Wachstum und die digitale Transformation von Unternehmen f\u00f6rdern.\",\"breadcrumb\":{\"@id\":\"https:\\\/\\\/it.unija.com\\\/de\\\/it-projekte\\\/#breadcrumb\"},\"inLanguage\":\"de\",\"potentialAction\":[{\"@type\":\"ReadAction\",\"target\":[\"https:\\\/\\\/it.unija.com\\\/de\\\/it-projekte\\\/\"]}]},{\"@type\":\"ImageObject\",\"inLanguage\":\"de\",\"@id\":\"https:\\\/\\\/it.unija.com\\\/de\\\/it-projekte\\\/#primaryimage\",\"url\":\"https:\\\/\\\/it.unija.com\\\/wp-content\\\/uploads\\\/2024\\\/04\\\/IT-podpora.jpg\",\"contentUrl\":\"https:\\\/\\\/it.unija.com\\\/wp-content\\\/uploads\\\/2024\\\/04\\\/IT-podpora.jpg\",\"width\":1920,\"height\":1061},{\"@type\":\"BreadcrumbList\",\"@id\":\"https:\\\/\\\/it.unija.com\\\/de\\\/it-projekte\\\/#breadcrumb\",\"itemListElement\":[{\"@type\":\"ListItem\",\"position\":1,\"name\":\"Home\",\"item\":\"https:\\\/\\\/it.unija.com\\\/de\\\/\"},{\"@type\":\"ListItem\",\"position\":2,\"name\":\"IT-Projekte\"}]},{\"@type\":\"WebSite\",\"@id\":\"https:\\\/\\\/it.unija.com\\\/de\\\/#website\",\"url\":\"https:\\\/\\\/it.unija.com\\\/de\\\/\",\"name\":\"Unija ETL IT Solutions\",\"description\":\"IT re\u0161itve za bolj\u0161e poslovanje\",\"publisher\":{\"@id\":\"https:\\\/\\\/it.unija.com\\\/de\\\/#organization\"},\"potentialAction\":[{\"@type\":\"SearchAction\",\"target\":{\"@type\":\"EntryPoint\",\"urlTemplate\":\"https:\\\/\\\/it.unija.com\\\/de\\\/?s={search_term_string}\"},\"query-input\":{\"@type\":\"PropertyValueSpecification\",\"valueRequired\":true,\"valueName\":\"search_term_string\"}}],\"inLanguage\":\"de\"},{\"@type\":\"Organization\",\"@id\":\"https:\\\/\\\/it.unija.com\\\/de\\\/#organization\",\"name\":\"Unija ETL IT Solutions\",\"url\":\"https:\\\/\\\/it.unija.com\\\/de\\\/\",\"logo\":{\"@type\":\"ImageObject\",\"inLanguage\":\"de\",\"@id\":\"https:\\\/\\\/it.unija.com\\\/de\\\/#\\\/schema\\\/logo\\\/image\\\/\",\"url\":\"https:\\\/\\\/it.unija.com\\\/wp-content\\\/uploads\\\/2026\\\/02\\\/Unija-ETL-IT-Solutions-Logo.png\",\"contentUrl\":\"https:\\\/\\\/it.unija.com\\\/wp-content\\\/uploads\\\/2026\\\/02\\\/Unija-ETL-IT-Solutions-Logo.png\",\"width\":250,\"height\":79,\"caption\":\"Unija ETL IT Solutions\"},\"image\":{\"@id\":\"https:\\\/\\\/it.unija.com\\\/de\\\/#\\\/schema\\\/logo\\\/image\\\/\"}}]}<\/script>\n<!-- \/ Yoast SEO plugin. -->","yoast_head_json":{"title":"IT-Projekte und Systemintegration - Unija Sibit","description":"Wir planen und implementieren IT-Projekte, um Ihr Unternehmen zu optimieren. Wir bieten ma\u00dfgeschneiderte L\u00f6sungen, die das Wachstum und die digitale Transformation von Unternehmen f\u00f6rdern.","robots":{"index":"index","follow":"follow","max-snippet":"max-snippet:-1","max-image-preview":"max-image-preview:large","max-video-preview":"max-video-preview:-1"},"canonical":"https:\/\/it.unija.com\/de\/it-projekte\/","og_locale":"de_DE","og_type":"article","og_title":"IT-Projekte und Systemintegration - Unija Sibit","og_description":"Wir planen und implementieren IT-Projekte, um Ihr Unternehmen zu optimieren. Wir bieten ma\u00dfgeschneiderte L\u00f6sungen, die das Wachstum und die digitale Transformation von Unternehmen f\u00f6rdern.","og_url":"https:\/\/it.unija.com\/de\/it-projekte\/","og_site_name":"Unija ETL IT Solutions","article_modified_time":"2025-04-22T07:15:48+00:00","og_image":[{"width":1920,"height":1061,"url":"https:\/\/it.unija.com\/wp-content\/uploads\/2024\/04\/IT-podpora.jpg","type":"image\/jpeg"}],"twitter_card":"summary_large_image","twitter_misc":{"Gesch\u00e4tzte Lesezeit":"1\u00a0Minute"},"schema":{"@context":"https:\/\/schema.org","@graph":[{"@type":"WebPage","@id":"https:\/\/it.unija.com\/de\/it-projekte\/","url":"https:\/\/it.unija.com\/de\/it-projekte\/","name":"IT-Projekte und Systemintegration - Unija Sibit","isPartOf":{"@id":"https:\/\/it.unija.com\/de\/#website"},"primaryImageOfPage":{"@id":"https:\/\/it.unija.com\/de\/it-projekte\/#primaryimage"},"image":{"@id":"https:\/\/it.unija.com\/de\/it-projekte\/#primaryimage"},"thumbnailUrl":"https:\/\/it.unija.com\/wp-content\/uploads\/2024\/04\/IT-podpora.jpg","datePublished":"2024-04-30T08:01:05+00:00","dateModified":"2025-04-22T07:15:48+00:00","description":"Wir planen und implementieren IT-Projekte, um Ihr Unternehmen zu optimieren. Wir bieten ma\u00dfgeschneiderte L\u00f6sungen, die das Wachstum und die digitale Transformation von Unternehmen f\u00f6rdern.","breadcrumb":{"@id":"https:\/\/it.unija.com\/de\/it-projekte\/#breadcrumb"},"inLanguage":"de","potentialAction":[{"@type":"ReadAction","target":["https:\/\/it.unija.com\/de\/it-projekte\/"]}]},{"@type":"ImageObject","inLanguage":"de","@id":"https:\/\/it.unija.com\/de\/it-projekte\/#primaryimage","url":"https:\/\/it.unija.com\/wp-content\/uploads\/2024\/04\/IT-podpora.jpg","contentUrl":"https:\/\/it.unija.com\/wp-content\/uploads\/2024\/04\/IT-podpora.jpg","width":1920,"height":1061},{"@type":"BreadcrumbList","@id":"https:\/\/it.unija.com\/de\/it-projekte\/#breadcrumb","itemListElement":[{"@type":"ListItem","position":1,"name":"Home","item":"https:\/\/it.unija.com\/de\/"},{"@type":"ListItem","position":2,"name":"IT-Projekte"}]},{"@type":"WebSite","@id":"https:\/\/it.unija.com\/de\/#website","url":"https:\/\/it.unija.com\/de\/","name":"Unija ETL IT Solutions","description":"IT re\u0161itve za bolj\u0161e poslovanje","publisher":{"@id":"https:\/\/it.unija.com\/de\/#organization"},"potentialAction":[{"@type":"SearchAction","target":{"@type":"EntryPoint","urlTemplate":"https:\/\/it.unija.com\/de\/?s={search_term_string}"},"query-input":{"@type":"PropertyValueSpecification","valueRequired":true,"valueName":"search_term_string"}}],"inLanguage":"de"},{"@type":"Organization","@id":"https:\/\/it.unija.com\/de\/#organization","name":"Unija ETL IT Solutions","url":"https:\/\/it.unija.com\/de\/","logo":{"@type":"ImageObject","inLanguage":"de","@id":"https:\/\/it.unija.com\/de\/#\/schema\/logo\/image\/","url":"https:\/\/it.unija.com\/wp-content\/uploads\/2026\/02\/Unija-ETL-IT-Solutions-Logo.png","contentUrl":"https:\/\/it.unija.com\/wp-content\/uploads\/2026\/02\/Unija-ETL-IT-Solutions-Logo.png","width":250,"height":79,"caption":"Unija ETL IT Solutions"},"image":{"@id":"https:\/\/it.unija.com\/de\/#\/schema\/logo\/image\/"}}]}},"_links":{"self":[{"href":"https:\/\/it.unija.com\/de\/wp-json\/wp\/v2\/pages\/3663","targetHints":{"allow":["GET"]}}],"collection":[{"href":"https:\/\/it.unija.com\/de\/wp-json\/wp\/v2\/pages"}],"about":[{"href":"https:\/\/it.unija.com\/de\/wp-json\/wp\/v2\/types\/page"}],"author":[{"embeddable":true,"href":"https:\/\/it.unija.com\/de\/wp-json\/wp\/v2\/users\/1"}],"replies":[{"embeddable":true,"href":"https:\/\/it.unija.com\/de\/wp-json\/wp\/v2\/comments?post=3663"}],"version-history":[{"count":1,"href":"https:\/\/it.unija.com\/de\/wp-json\/wp\/v2\/pages\/3663\/revisions"}],"predecessor-version":[{"id":3667,"href":"https:\/\/it.unija.com\/de\/wp-json\/wp\/v2\/pages\/3663\/revisions\/3667"}],"wp:featuredmedia":[{"embeddable":true,"href":"https:\/\/it.unija.com\/de\/wp-json\/wp\/v2\/media\/3661"}],"wp:attachment":[{"href":"https:\/\/it.unija.com\/de\/wp-json\/wp\/v2\/media?parent=3663"}],"curies":[{"name":"wp","href":"https:\/\/api.w.org\/{rel}","templated":true}]}}