
{"id":3280,"date":"2024-06-19T10:37:40","date_gmt":"2024-06-19T08:37:40","guid":{"rendered":"https:\/\/it.unija.com\/kontakt\/"},"modified":"2025-07-08T15:02:36","modified_gmt":"2025-07-08T13:02:36","slug":"kontakt","status":"publish","type":"page","link":"https:\/\/it.unija.com\/de\/kontakt\/","title":{"rendered":"Kontakt"},"content":{"rendered":"\t\t<div data-elementor-type=\"wp-page\" data-elementor-id=\"3280\" class=\"elementor elementor-3280 elementor-698\" data-elementor-post-type=\"page\">\n\t\t\t\t<div class=\"elementor-element elementor-element-e9cd23b e-con-full e-flex e-con e-child\" data-id=\"e9cd23b\" data-element_type=\"container\" data-e-type=\"container\" data-settings=\"{&quot;background_background&quot;:&quot;classic&quot;,&quot;background_motion_fx_motion_fx_scrolling&quot;:&quot;yes&quot;,&quot;background_motion_fx_blur_effect&quot;:&quot;yes&quot;,&quot;background_motion_fx_blur_direction&quot;:&quot;in-out&quot;,&quot;background_motion_fx_blur_level&quot;:{&quot;unit&quot;:&quot;px&quot;,&quot;size&quot;:5,&quot;sizes&quot;:[]},&quot;background_motion_fx_blur_range&quot;:{&quot;unit&quot;:&quot;%&quot;,&quot;size&quot;:&quot;&quot;,&quot;sizes&quot;:{&quot;start&quot;:59,&quot;end&quot;:100}},&quot;background_motion_fx_devices&quot;:[&quot;desktop&quot;]}\">\n\t\t<div class=\"elementor-element elementor-element-398c141 e-con-full e-flex e-con e-child\" data-id=\"398c141\" data-element_type=\"container\" data-e-type=\"container\">\n\t\t<div class=\"elementor-element elementor-element-6b7dfb7 e-flex e-con-boxed e-con e-child\" data-id=\"6b7dfb7\" data-element_type=\"container\" data-e-type=\"container\">\n\t\t\t\t\t<div class=\"e-con-inner\">\n\t\t\t\t<div class=\"elementor-element elementor-element-ec5153d animated-fast elementor-invisible elementor-widget elementor-widget-heading\" data-id=\"ec5153d\" data-element_type=\"widget\" data-e-type=\"widget\" data-settings=\"{&quot;_animation&quot;:&quot;fadeInLeft&quot;}\" data-widget_type=\"heading.default\">\n\t\t\t\t<div class=\"elementor-widget-container\">\n\t\t\t\t\t<h2 class=\"elementor-heading-title elementor-size-default\">Wie k\u00f6nnen wir Ihnen helfen?<\/h2>\t\t\t\t<\/div>\n\t\t\t\t<\/div>\n\t\t\t\t\t<\/div>\n\t\t\t\t<\/div>\n\t\t\t\t<\/div>\n\t\t\t\t<\/div>\n\t\t<div class=\"elementor-element elementor-element-e6bc530 e-con-full e-flex e-con e-parent\" data-id=\"e6bc530\" data-element_type=\"container\" data-e-type=\"container\" data-settings=\"{&quot;background_background&quot;:&quot;classic&quot;}\">\n\t\t<div class=\"elementor-element elementor-element-a900471 e-flex e-con-boxed e-con e-child\" data-id=\"a900471\" data-element_type=\"container\" data-e-type=\"container\">\n\t\t\t\t\t<div class=\"e-con-inner\">\n\t\t\t\t<div class=\"elementor-element elementor-element-7127d03 elementor-icon-list--layout-inline elementor-align-start elementor-list-item-link-full_width elementor-widget elementor-widget-icon-list\" data-id=\"7127d03\" data-element_type=\"widget\" data-e-type=\"widget\" data-widget_type=\"icon-list.default\">\n\t\t\t\t<div class=\"elementor-widget-container\">\n\t\t\t\t\t\t\t<ul class=\"elementor-icon-list-items elementor-inline-items\">\n\t\t\t\t\t\t\t<li class=\"elementor-icon-list-item elementor-inline-item\">\n\t\t\t\t\t\t\t\t\t\t\t<a href=\"mailto:sales@unija.com\">\n\n\t\t\t\t\t\t\t\t\t\t\t\t<span class=\"elementor-icon-list-icon\">\n\t\t\t\t\t\t\t<i aria-hidden=\"true\" class=\"fas fa-envelope\"><\/i>\t\t\t\t\t\t<\/span>\n\t\t\t\t\t\t\t\t\t\t<span class=\"elementor-icon-list-text\">sales@unija.com<\/span>\n\t\t\t\t\t\t\t\t\t\t\t<\/a>\n\t\t\t\t\t\t\t\t\t<\/li>\n\t\t\t\t\t\t\t\t<li class=\"elementor-icon-list-item elementor-inline-item\">\n\t\t\t\t\t\t\t\t\t\t\t<a href=\"tel:+38613602000\">\n\n\t\t\t\t\t\t\t\t\t\t\t\t<span class=\"elementor-icon-list-icon\">\n\t\t\t\t\t\t\t<i aria-hidden=\"true\" class=\"fas fa-phone-alt\"><\/i>\t\t\t\t\t\t<\/span>\n\t\t\t\t\t\t\t\t\t\t<span class=\"elementor-icon-list-text\">+386 1 360 2000<\/span>\n\t\t\t\t\t\t\t\t\t\t\t<\/a>\n\t\t\t\t\t\t\t\t\t<\/li>\n\t\t\t\t\t\t\t\t<li class=\"elementor-icon-list-item elementor-inline-item\">\n\t\t\t\t\t\t\t\t\t\t\t<a href=\"https:\/\/www.google.com\/maps\/place\/Unija+Ra%C4%8Dunovodska+hi%C5%A1a+d.d.\/@46.023591,14.4171671,17z\/data=!3m1!4b1!4m6!3m5!1s0x477ad31d17245ff3:0xdbd29e86e3725444!8m2!3d46.0235873!4d14.419742!16s%2Fg%2F1tdqykm6?entry=ttu\" target=\"_blank\">\n\n\t\t\t\t\t\t\t\t\t\t\t\t<span class=\"elementor-icon-list-icon\">\n\t\t\t\t\t\t\t<i aria-hidden=\"true\" class=\"fas fa-home\"><\/i>\t\t\t\t\t\t<\/span>\n\t\t\t\t\t\t\t\t\t\t<span class=\"elementor-icon-list-text\">Tr\u017ea\u0161ka c. 515, 1351 Brezovica pri Ljubljani <\/span>\n\t\t\t\t\t\t\t\t\t\t\t<\/a>\n\t\t\t\t\t\t\t\t\t<\/li>\n\t\t\t\t\t\t<\/ul>\n\t\t\t\t\t\t<\/div>\n\t\t\t\t<\/div>\n\t\t\t\t<div class=\"elementor-element elementor-element-1a9758f elementor-button-align-stretch elementor-widget elementor-widget-form\" data-id=\"1a9758f\" data-element_type=\"widget\" data-e-type=\"widget\" data-settings=\"{&quot;step_next_label&quot;:&quot;N\\u00e4chste&quot;,&quot;step_previous_label&quot;:&quot;Vorherige&quot;,&quot;button_width&quot;:&quot;100&quot;,&quot;step_type&quot;:&quot;number_text&quot;,&quot;step_icon_shape&quot;:&quot;circle&quot;}\" data-widget_type=\"form.default\">\n\t\t\t\t<div class=\"elementor-widget-container\">\n\t\t\t\t\t\t\t<form class=\"elementor-form\" method=\"post\" name=\"Contact Form page DE IT\" aria-label=\"Contact Form page DE IT\">\n\t\t\t<input type=\"hidden\" name=\"post_id\" value=\"3280\"\/>\n\t\t\t<input type=\"hidden\" name=\"form_id\" value=\"1a9758f\"\/>\n\t\t\t<input type=\"hidden\" name=\"referer_title\" value=\"Anfrage f\u00fcr IT-Dienstleistungen senden - Unija Sibit\" \/>\n\n\t\t\t\t\t\t\t<input type=\"hidden\" name=\"queried_id\" value=\"3280\"\/>\n\t\t\t\n\t\t\t<div class=\"elementor-form-fields-wrapper elementor-labels-above\">\n\t\t\t\t\t\t\t\t<div class=\"elementor-field-type-text elementor-field-group elementor-column elementor-field-group-name elementor-col-100 elementor-field-required elementor-mark-required\">\n\t\t\t\t\t\t\t\t\t\t\t\t<label for=\"form-field-name\" class=\"elementor-field-label\">\n\t\t\t\t\t\t\t\tName\t\t\t\t\t\t\t<\/label>\n\t\t\t\t\t\t\t\t\t\t\t\t\t\t<input size=\"1\" type=\"text\" name=\"form_fields[name]\" id=\"form-field-name\" class=\"elementor-field elementor-size-sm  elementor-field-textual\" placeholder=\"Name\" required=\"required\">\n\t\t\t\t\t\t\t\t\t\t\t<\/div>\n\t\t\t\t\t\t\t\t<div class=\"elementor-field-type-text elementor-field-group elementor-column elementor-field-group-surname elementor-col-100\">\n\t\t\t\t\t\t\t\t\t\t\t\t<label for=\"form-field-surname\" class=\"elementor-field-label\">\n\t\t\t\t\t\t\t\tNachname\t\t\t\t\t\t\t<\/label>\n\t\t\t\t\t\t\t\t\t\t\t\t\t\t<input size=\"1\" type=\"text\" name=\"form_fields[surname]\" id=\"form-field-surname\" class=\"elementor-field elementor-size-sm  elementor-field-textual\" placeholder=\"Nachname\">\n\t\t\t\t\t\t\t\t\t\t\t<\/div>\n\t\t\t\t\t\t\t\t<div class=\"elementor-field-type-tel elementor-field-group elementor-column elementor-field-group-phone elementor-col-100\">\n\t\t\t\t\t\t\t\t\t\t\t\t<label for=\"form-field-phone\" class=\"elementor-field-label\">\n\t\t\t\t\t\t\t\tKontaktnummer\t\t\t\t\t\t\t<\/label>\n\t\t\t\t\t\t\t\t<input size=\"1\" type=\"tel\" name=\"form_fields[phone]\" id=\"form-field-phone\" class=\"elementor-field elementor-size-sm  elementor-field-textual\" placeholder=\"Kontaktnummer\" pattern=\"[0-9()#&amp;+*-=.]+\" title=\"Nur Nummern oder Telefon-Zeichen (#, -, *, etc) werden akzeptiert.\">\n\n\t\t\t\t\t\t<\/div>\n\t\t\t\t\t\t\t\t<div class=\"elementor-field-type-email elementor-field-group elementor-column elementor-field-group-email elementor-col-100 elementor-field-required elementor-mark-required\">\n\t\t\t\t\t\t\t\t\t\t\t\t<label for=\"form-field-email\" class=\"elementor-field-label\">\n\t\t\t\t\t\t\t\tE-Mail\t\t\t\t\t\t\t<\/label>\n\t\t\t\t\t\t\t\t\t\t\t\t\t\t<input size=\"1\" type=\"email\" name=\"form_fields[email]\" id=\"form-field-email\" class=\"elementor-field elementor-size-sm  elementor-field-textual\" placeholder=\"E-Mail\" required=\"required\">\n\t\t\t\t\t\t\t\t\t\t\t<\/div>\n\t\t\t\t\t\t\t\t<div class=\"elementor-field-type-textarea elementor-field-group elementor-column elementor-field-group-message elementor-col-100\">\n\t\t\t\t\t\t\t\t\t\t\t\t<label for=\"form-field-message\" class=\"elementor-field-label\">\n\t\t\t\t\t\t\t\tIhre Nachricht\t\t\t\t\t\t\t<\/label>\n\t\t\t\t\t\t<textarea class=\"elementor-field-textual elementor-field  elementor-size-sm\" name=\"form_fields[message]\" id=\"form-field-message\" rows=\"4\" placeholder=\"Ihre Nachricht\"><\/textarea>\t\t\t\t<\/div>\n\t\t\t\t\t\t\t\t<div class=\"elementor-field-type-acceptance elementor-field-group elementor-column elementor-field-group-gdpr elementor-col-100\">\n\t\t\t\t\t\t\t<div class=\"elementor-field-subgroup\">\n\t\t\t<span class=\"elementor-field-option\">\n\t\t\t\t<input type=\"checkbox\" name=\"form_fields[gdpr]\" id=\"form-field-gdpr\" class=\"elementor-field elementor-size-sm  elementor-acceptance-field\" checked=\"checked\">\n\t\t\t\t<label for=\"form-field-gdpr\">Ich stimme der Verarbeitung meiner pers\u00f6nlichen Daten f\u00fcr Newsletter und andere Marketingzwecke zu<\/label>\t\t\t<\/span>\n\t\t<\/div>\n\t\t\t\t\t\t<\/div>\n\t\t\t\t\t\t\t\t<div class=\"elementor-field-type-acceptance elementor-field-group elementor-column elementor-field-group-marketing_soglasje elementor-col-100 elementor-field-required elementor-mark-required\">\n\t\t\t\t\t\t\t<div class=\"elementor-field-subgroup\">\n\t\t\t<span class=\"elementor-field-option\">\n\t\t\t\t<input type=\"checkbox\" name=\"form_fields[marketing_soglasje]\" id=\"form-field-marketing_soglasje\" class=\"elementor-field elementor-size-sm  elementor-acceptance-field\" required=\"required\">\n\t\t\t\t<label for=\"form-field-marketing_soglasje\">Ich stimme den Bedingungen der DSGVO und den Zwecken der Verarbeitung meiner personenbezogenen Daten gem\u00e4\u00df der DSGVO zu.<\/label>\t\t\t<\/span>\n\t\t<\/div>\n\t\t\t\t\t\t<\/div>\n\t\t\t\t\t\t\t\t<div class=\"elementor-field-type-hidden elementor-field-group elementor-column elementor-field-group-language elementor-col-100\">\n\t\t\t\t\t\t\t\t\t\t\t\t\t<input size=\"1\" type=\"hidden\" name=\"form_fields[language]\" id=\"form-field-language\" class=\"elementor-field elementor-size-sm  elementor-field-textual\">\n\t\t\t\t\t\t\t\t\t\t\t<\/div>\n\t\t\t\t\t\t\t\t<div class=\"elementor-field-group elementor-column elementor-field-type-submit elementor-col-100 e-form__buttons\">\n\t\t\t\t\t<button class=\"elementor-button elementor-size-sm\" type=\"submit\">\n\t\t\t\t\t\t<span class=\"elementor-button-content-wrapper\">\n\t\t\t\t\t\t\t\t\t\t\t\t\t\t\t\t\t\t\t\t\t\t<span class=\"elementor-button-text\">Anfrage senden<\/span>\n\t\t\t\t\t\t\t\t\t\t\t\t\t<\/span>\n\t\t\t\t\t<\/button>\n\t\t\t\t<\/div>\n\t\t\t<\/div>\n\t\t<\/form>\n\t\t\t\t\t\t<\/div>\n\t\t\t\t<\/div>\n\t\t\t\t\t<\/div>\n\t\t\t\t<\/div>\n\t\t\t\t<\/div>\n\t\t\t\t<\/div>\n\t\t","protected":false},"excerpt":{"rendered":"<p>Wie k\u00f6nnen wir Ihnen helfen? sales@unija.com +386 1 360 2000 Tr\u017ea\u0161ka c. 515, 1351 Brezovica pri Ljubljani<\/p>\n","protected":false},"author":1,"featured_media":3282,"parent":0,"menu_order":0,"comment_status":"closed","ping_status":"closed","template":"elementor_header_footer","meta":{"_acf_changed":false,"inline_featured_image":false,"footnotes":""},"class_list":["post-3280","page","type-page","status-publish","has-post-thumbnail","hentry"],"acf":[],"yoast_head":"<!-- This site is optimized with the Yoast SEO plugin v27.4 - https:\/\/yoast.com\/product\/yoast-seo-wordpress\/ -->\n<title>Anfrage f\u00fcr IT-Dienstleistungen senden - Unija Sibit<\/title>\n<meta name=\"description\" content=\"Kontaktieren Sie uns f\u00fcr personalisierte IT-L\u00f6sungen. Kontaktieren Sie uns unter sales@unija.com oder rufen Sie uns an unter 01 360 20 00. Unija Sibit - Ihre IT-Unterst\u00fctzung.\" \/>\n<meta name=\"robots\" content=\"index, follow, max-snippet:-1, max-image-preview:large, max-video-preview:-1\" \/>\n<link rel=\"canonical\" href=\"https:\/\/it.unija.com\/de\/kontakt\/\" \/>\n<meta property=\"og:locale\" content=\"de_DE\" \/>\n<meta property=\"og:type\" content=\"article\" \/>\n<meta property=\"og:title\" content=\"Anfrage f\u00fcr IT-Dienstleistungen senden - Unija Sibit\" \/>\n<meta property=\"og:description\" content=\"Kontaktieren Sie uns f\u00fcr personalisierte IT-L\u00f6sungen. Kontaktieren Sie uns unter sales@unija.com oder rufen Sie uns an unter 01 360 20 00. Unija Sibit - Ihre IT-Unterst\u00fctzung.\" \/>\n<meta property=\"og:url\" content=\"https:\/\/it.unija.com\/de\/kontakt\/\" \/>\n<meta property=\"og:site_name\" content=\"Unija ETL IT Solutions\" \/>\n<meta property=\"article:modified_time\" content=\"2025-07-08T13:02:36+00:00\" \/>\n<meta property=\"og:image\" content=\"https:\/\/it.unija.com\/wp-content\/uploads\/2024\/02\/shutterstock_2136788363.jpg\" \/>\n\t<meta property=\"og:image:width\" content=\"1920\" \/>\n\t<meta property=\"og:image:height\" content=\"1080\" \/>\n\t<meta property=\"og:image:type\" content=\"image\/jpeg\" \/>\n<meta name=\"twitter:card\" content=\"summary_large_image\" \/>\n<meta name=\"twitter:label1\" content=\"Gesch\u00e4tzte Lesezeit\" \/>\n\t<meta name=\"twitter:data1\" content=\"1\u00a0Minute\" \/>\n<script type=\"application\/ld+json\" class=\"yoast-schema-graph\">{\"@context\":\"https:\\\/\\\/schema.org\",\"@graph\":[{\"@type\":\"WebPage\",\"@id\":\"https:\\\/\\\/it.unija.com\\\/de\\\/kontakt\\\/\",\"url\":\"https:\\\/\\\/it.unija.com\\\/de\\\/kontakt\\\/\",\"name\":\"Anfrage f\u00fcr IT-Dienstleistungen senden - Unija Sibit\",\"isPartOf\":{\"@id\":\"https:\\\/\\\/it.unija.com\\\/de\\\/#website\"},\"primaryImageOfPage\":{\"@id\":\"https:\\\/\\\/it.unija.com\\\/de\\\/kontakt\\\/#primaryimage\"},\"image\":{\"@id\":\"https:\\\/\\\/it.unija.com\\\/de\\\/kontakt\\\/#primaryimage\"},\"thumbnailUrl\":\"https:\\\/\\\/it.unija.com\\\/wp-content\\\/uploads\\\/2024\\\/02\\\/shutterstock_2136788363.jpg\",\"datePublished\":\"2024-06-19T08:37:40+00:00\",\"dateModified\":\"2025-07-08T13:02:36+00:00\",\"description\":\"Kontaktieren Sie uns f\u00fcr personalisierte IT-L\u00f6sungen. Kontaktieren Sie uns unter sales@unija.com oder rufen Sie uns an unter 01 360 20 00. Unija Sibit - Ihre IT-Unterst\u00fctzung.\",\"breadcrumb\":{\"@id\":\"https:\\\/\\\/it.unija.com\\\/de\\\/kontakt\\\/#breadcrumb\"},\"inLanguage\":\"de\",\"potentialAction\":[{\"@type\":\"ReadAction\",\"target\":[\"https:\\\/\\\/it.unija.com\\\/de\\\/kontakt\\\/\"]}]},{\"@type\":\"ImageObject\",\"inLanguage\":\"de\",\"@id\":\"https:\\\/\\\/it.unija.com\\\/de\\\/kontakt\\\/#primaryimage\",\"url\":\"https:\\\/\\\/it.unija.com\\\/wp-content\\\/uploads\\\/2024\\\/02\\\/shutterstock_2136788363.jpg\",\"contentUrl\":\"https:\\\/\\\/it.unija.com\\\/wp-content\\\/uploads\\\/2024\\\/02\\\/shutterstock_2136788363.jpg\",\"width\":1920,\"height\":1080},{\"@type\":\"BreadcrumbList\",\"@id\":\"https:\\\/\\\/it.unija.com\\\/de\\\/kontakt\\\/#breadcrumb\",\"itemListElement\":[{\"@type\":\"ListItem\",\"position\":1,\"name\":\"Home\",\"item\":\"https:\\\/\\\/it.unija.com\\\/de\\\/\"},{\"@type\":\"ListItem\",\"position\":2,\"name\":\"Kontakt\"}]},{\"@type\":\"WebSite\",\"@id\":\"https:\\\/\\\/it.unija.com\\\/de\\\/#website\",\"url\":\"https:\\\/\\\/it.unija.com\\\/de\\\/\",\"name\":\"Unija ETL IT Solutions\",\"description\":\"IT re\u0161itve za bolj\u0161e poslovanje\",\"publisher\":{\"@id\":\"https:\\\/\\\/it.unija.com\\\/de\\\/#organization\"},\"potentialAction\":[{\"@type\":\"SearchAction\",\"target\":{\"@type\":\"EntryPoint\",\"urlTemplate\":\"https:\\\/\\\/it.unija.com\\\/de\\\/?s={search_term_string}\"},\"query-input\":{\"@type\":\"PropertyValueSpecification\",\"valueRequired\":true,\"valueName\":\"search_term_string\"}}],\"inLanguage\":\"de\"},{\"@type\":\"Organization\",\"@id\":\"https:\\\/\\\/it.unija.com\\\/de\\\/#organization\",\"name\":\"Unija ETL IT Solutions\",\"url\":\"https:\\\/\\\/it.unija.com\\\/de\\\/\",\"logo\":{\"@type\":\"ImageObject\",\"inLanguage\":\"de\",\"@id\":\"https:\\\/\\\/it.unija.com\\\/de\\\/#\\\/schema\\\/logo\\\/image\\\/\",\"url\":\"https:\\\/\\\/it.unija.com\\\/wp-content\\\/uploads\\\/2026\\\/02\\\/Unija-ETL-IT-Solutions-Logo.png\",\"contentUrl\":\"https:\\\/\\\/it.unija.com\\\/wp-content\\\/uploads\\\/2026\\\/02\\\/Unija-ETL-IT-Solutions-Logo.png\",\"width\":250,\"height\":79,\"caption\":\"Unija ETL IT Solutions\"},\"image\":{\"@id\":\"https:\\\/\\\/it.unija.com\\\/de\\\/#\\\/schema\\\/logo\\\/image\\\/\"}}]}<\/script>\n<!-- \/ Yoast SEO plugin. -->","yoast_head_json":{"title":"Anfrage f\u00fcr IT-Dienstleistungen senden - Unija Sibit","description":"Kontaktieren Sie uns f\u00fcr personalisierte IT-L\u00f6sungen. Kontaktieren Sie uns unter sales@unija.com oder rufen Sie uns an unter 01 360 20 00. Unija Sibit - Ihre IT-Unterst\u00fctzung.","robots":{"index":"index","follow":"follow","max-snippet":"max-snippet:-1","max-image-preview":"max-image-preview:large","max-video-preview":"max-video-preview:-1"},"canonical":"https:\/\/it.unija.com\/de\/kontakt\/","og_locale":"de_DE","og_type":"article","og_title":"Anfrage f\u00fcr IT-Dienstleistungen senden - Unija Sibit","og_description":"Kontaktieren Sie uns f\u00fcr personalisierte IT-L\u00f6sungen. Kontaktieren Sie uns unter sales@unija.com oder rufen Sie uns an unter 01 360 20 00. Unija Sibit - Ihre IT-Unterst\u00fctzung.","og_url":"https:\/\/it.unija.com\/de\/kontakt\/","og_site_name":"Unija ETL IT Solutions","article_modified_time":"2025-07-08T13:02:36+00:00","og_image":[{"width":1920,"height":1080,"url":"https:\/\/it.unija.com\/wp-content\/uploads\/2024\/02\/shutterstock_2136788363.jpg","type":"image\/jpeg"}],"twitter_card":"summary_large_image","twitter_misc":{"Gesch\u00e4tzte Lesezeit":"1\u00a0Minute"},"schema":{"@context":"https:\/\/schema.org","@graph":[{"@type":"WebPage","@id":"https:\/\/it.unija.com\/de\/kontakt\/","url":"https:\/\/it.unija.com\/de\/kontakt\/","name":"Anfrage f\u00fcr IT-Dienstleistungen senden - Unija Sibit","isPartOf":{"@id":"https:\/\/it.unija.com\/de\/#website"},"primaryImageOfPage":{"@id":"https:\/\/it.unija.com\/de\/kontakt\/#primaryimage"},"image":{"@id":"https:\/\/it.unija.com\/de\/kontakt\/#primaryimage"},"thumbnailUrl":"https:\/\/it.unija.com\/wp-content\/uploads\/2024\/02\/shutterstock_2136788363.jpg","datePublished":"2024-06-19T08:37:40+00:00","dateModified":"2025-07-08T13:02:36+00:00","description":"Kontaktieren Sie uns f\u00fcr personalisierte IT-L\u00f6sungen. Kontaktieren Sie uns unter sales@unija.com oder rufen Sie uns an unter 01 360 20 00. Unija Sibit - Ihre IT-Unterst\u00fctzung.","breadcrumb":{"@id":"https:\/\/it.unija.com\/de\/kontakt\/#breadcrumb"},"inLanguage":"de","potentialAction":[{"@type":"ReadAction","target":["https:\/\/it.unija.com\/de\/kontakt\/"]}]},{"@type":"ImageObject","inLanguage":"de","@id":"https:\/\/it.unija.com\/de\/kontakt\/#primaryimage","url":"https:\/\/it.unija.com\/wp-content\/uploads\/2024\/02\/shutterstock_2136788363.jpg","contentUrl":"https:\/\/it.unija.com\/wp-content\/uploads\/2024\/02\/shutterstock_2136788363.jpg","width":1920,"height":1080},{"@type":"BreadcrumbList","@id":"https:\/\/it.unija.com\/de\/kontakt\/#breadcrumb","itemListElement":[{"@type":"ListItem","position":1,"name":"Home","item":"https:\/\/it.unija.com\/de\/"},{"@type":"ListItem","position":2,"name":"Kontakt"}]},{"@type":"WebSite","@id":"https:\/\/it.unija.com\/de\/#website","url":"https:\/\/it.unija.com\/de\/","name":"Unija ETL IT Solutions","description":"IT re\u0161itve za bolj\u0161e poslovanje","publisher":{"@id":"https:\/\/it.unija.com\/de\/#organization"},"potentialAction":[{"@type":"SearchAction","target":{"@type":"EntryPoint","urlTemplate":"https:\/\/it.unija.com\/de\/?s={search_term_string}"},"query-input":{"@type":"PropertyValueSpecification","valueRequired":true,"valueName":"search_term_string"}}],"inLanguage":"de"},{"@type":"Organization","@id":"https:\/\/it.unija.com\/de\/#organization","name":"Unija ETL IT Solutions","url":"https:\/\/it.unija.com\/de\/","logo":{"@type":"ImageObject","inLanguage":"de","@id":"https:\/\/it.unija.com\/de\/#\/schema\/logo\/image\/","url":"https:\/\/it.unija.com\/wp-content\/uploads\/2026\/02\/Unija-ETL-IT-Solutions-Logo.png","contentUrl":"https:\/\/it.unija.com\/wp-content\/uploads\/2026\/02\/Unija-ETL-IT-Solutions-Logo.png","width":250,"height":79,"caption":"Unija ETL IT Solutions"},"image":{"@id":"https:\/\/it.unija.com\/de\/#\/schema\/logo\/image\/"}}]}},"_links":{"self":[{"href":"https:\/\/it.unija.com\/de\/wp-json\/wp\/v2\/pages\/3280","targetHints":{"allow":["GET"]}}],"collection":[{"href":"https:\/\/it.unija.com\/de\/wp-json\/wp\/v2\/pages"}],"about":[{"href":"https:\/\/it.unija.com\/de\/wp-json\/wp\/v2\/types\/page"}],"author":[{"embeddable":true,"href":"https:\/\/it.unija.com\/de\/wp-json\/wp\/v2\/users\/1"}],"replies":[{"embeddable":true,"href":"https:\/\/it.unija.com\/de\/wp-json\/wp\/v2\/comments?post=3280"}],"version-history":[{"count":10,"href":"https:\/\/it.unija.com\/de\/wp-json\/wp\/v2\/pages\/3280\/revisions"}],"predecessor-version":[{"id":3963,"href":"https:\/\/it.unija.com\/de\/wp-json\/wp\/v2\/pages\/3280\/revisions\/3963"}],"wp:featuredmedia":[{"embeddable":true,"href":"https:\/\/it.unija.com\/de\/wp-json\/wp\/v2\/media\/3282"}],"wp:attachment":[{"href":"https:\/\/it.unija.com\/de\/wp-json\/wp\/v2\/media?parent=3280"}],"curies":[{"name":"wp","href":"https:\/\/api.w.org\/{rel}","templated":true}]}}