
{"id":2374,"date":"2024-08-05T14:30:20","date_gmt":"2024-08-05T12:30:20","guid":{"rendered":"https:\/\/it.unija.com\/poslovna-resenja\/"},"modified":"2026-01-23T13:34:50","modified_gmt":"2026-01-23T12:34:50","slug":"poslovna-resenja","status":"publish","type":"page","link":"https:\/\/it.unija.com\/cg\/poslovna-resenja\/","title":{"rendered":"Poslovna rje\u0161enja"},"content":{"rendered":"\t\t<div data-elementor-type=\"wp-page\" data-elementor-id=\"2374\" class=\"elementor elementor-2374 elementor-852\" data-elementor-post-type=\"page\">\n\t\t\t\t<div class=\"elementor-element elementor-element-446eca4 e-con-full e-flex e-con e-child\" data-id=\"446eca4\" data-element_type=\"container\" data-e-type=\"container\" data-settings=\"{&quot;background_background&quot;:&quot;classic&quot;,&quot;background_motion_fx_motion_fx_scrolling&quot;:&quot;yes&quot;,&quot;background_motion_fx_blur_effect&quot;:&quot;yes&quot;,&quot;background_motion_fx_blur_direction&quot;:&quot;in-out&quot;,&quot;background_motion_fx_blur_level&quot;:{&quot;unit&quot;:&quot;px&quot;,&quot;size&quot;:5,&quot;sizes&quot;:[]},&quot;background_motion_fx_blur_range&quot;:{&quot;unit&quot;:&quot;%&quot;,&quot;size&quot;:&quot;&quot;,&quot;sizes&quot;:{&quot;start&quot;:59,&quot;end&quot;:100}},&quot;background_motion_fx_devices&quot;:[&quot;desktop&quot;]}\">\n\t\t<div class=\"elementor-element elementor-element-5019c32 e-con-full e-flex e-con e-child\" data-id=\"5019c32\" data-element_type=\"container\" data-e-type=\"container\">\n\t\t<div class=\"elementor-element elementor-element-4c4cb6b e-flex e-con-boxed e-con e-child\" data-id=\"4c4cb6b\" data-element_type=\"container\" data-e-type=\"container\">\n\t\t\t\t\t<div class=\"e-con-inner\">\n\t\t\t\t<div class=\"elementor-element elementor-element-55df69a animated-fast elementor-invisible elementor-widget elementor-widget-heading\" data-id=\"55df69a\" data-element_type=\"widget\" data-e-type=\"widget\" data-settings=\"{&quot;_animation&quot;:&quot;fadeInLeft&quot;}\" data-widget_type=\"heading.default\">\n\t\t\t\t<div class=\"elementor-widget-container\">\n\t\t\t\t\t<h2 class=\"elementor-heading-title elementor-size-default\">POSLOVNA INFORMATIKA I ANALITIKA<\/h2>\t\t\t\t<\/div>\n\t\t\t\t<\/div>\n\t\t\t\t<div class=\"elementor-element elementor-element-b9a7304 elementor-widget__width-initial animated-fast elementor-invisible elementor-widget elementor-widget-heading\" data-id=\"b9a7304\" data-element_type=\"widget\" data-e-type=\"widget\" data-settings=\"{&quot;_animation&quot;:&quot;fadeInLeft&quot;,&quot;_animation_delay&quot;:50}\" data-widget_type=\"heading.default\">\n\t\t\t\t<div class=\"elementor-widget-container\">\n\t\t\t\t\t<h2 class=\"elementor-heading-title elementor-size-default\">Pregled stanja i poslovanja. Bilo gdje i bilo kada. <\/h2>\t\t\t\t<\/div>\n\t\t\t\t<\/div>\n\t\t\t\t<div class=\"elementor-element elementor-element-29407d8 cta-btn animated-fast elementor-invisible elementor-widget elementor-widget-button\" data-id=\"29407d8\" data-element_type=\"widget\" data-e-type=\"widget\" data-settings=\"{&quot;_animation&quot;:&quot;fadeInLeft&quot;,&quot;_animation_delay&quot;:100}\" data-widget_type=\"button.default\">\n\t\t\t\t<div class=\"elementor-widget-container\">\n\t\t\t\t\t\t\t\t\t<div class=\"elementor-button-wrapper\">\n\t\t\t\t\t<a class=\"elementor-button elementor-button-link elementor-size-md\" href=\"https:\/\/it.unija.com\/cg\/zahtev\/\">\n\t\t\t\t\t\t<span class=\"elementor-button-content-wrapper\">\n\t\t\t\t\t\t\t\t\t<span class=\"elementor-button-text\">Po\u0161aljite nam upit<\/span>\n\t\t\t\t\t<\/span>\n\t\t\t\t\t<\/a>\n\t\t\t\t<\/div>\n\t\t\t\t\t\t\t\t<\/div>\n\t\t\t\t<\/div>\n\t\t\t\t\t<\/div>\n\t\t\t\t<\/div>\n\t\t\t\t<\/div>\n\t\t\t\t<\/div>\n\t\t<div class=\"elementor-element elementor-element-e59da25 e-con-full e-flex e-con e-parent\" data-id=\"e59da25\" data-element_type=\"container\" data-e-type=\"container\" data-settings=\"{&quot;background_background&quot;:&quot;classic&quot;}\">\n\t\t\t\t<div class=\"elementor-element elementor-element-19d8672 elementor-widget elementor-widget-heading\" data-id=\"19d8672\" data-element_type=\"widget\" data-e-type=\"widget\" data-widget_type=\"heading.default\">\n\t\t\t\t<div class=\"elementor-widget-container\">\n\t\t\t\t\t<h2 class=\"elementor-heading-title elementor-size-default\">U Unija ETL IT za vas brinemo o...<\/h2>\t\t\t\t<\/div>\n\t\t\t\t<\/div>\n\t\t<div class=\"elementor-element elementor-element-58cc914 e-flex e-con-boxed e-con e-child\" data-id=\"58cc914\" data-element_type=\"container\" data-e-type=\"container\">\n\t\t\t\t\t<div class=\"e-con-inner\">\n\t\t<div class=\"elementor-element elementor-element-bae021f e-flex e-con-boxed e-con e-child\" data-id=\"bae021f\" data-element_type=\"container\" data-e-type=\"container\">\n\t\t\t\t\t<div class=\"e-con-inner\">\n\t\t<div class=\"elementor-element elementor-element-75ec792 e-flex e-con-boxed e-con e-child\" data-id=\"75ec792\" data-element_type=\"container\" data-e-type=\"container\">\n\t\t\t\t\t<div class=\"e-con-inner\">\n\t\t\t\t<div class=\"elementor-element elementor-element-4dd86f0 elementor-widget elementor-widget-heading\" data-id=\"4dd86f0\" data-element_type=\"widget\" data-e-type=\"widget\" data-widget_type=\"heading.default\">\n\t\t\t\t<div class=\"elementor-widget-container\">\n\t\t\t\t\t<h2 class=\"elementor-heading-title elementor-size-default\">POSLOVNA INFORMATIKA<\/h2>\t\t\t\t<\/div>\n\t\t\t\t<\/div>\n\t\t\t\t<div class=\"elementor-element elementor-element-c51be7f elementor-widget elementor-widget-text-editor\" data-id=\"c51be7f\" data-element_type=\"widget\" data-e-type=\"widget\" data-widget_type=\"text-editor.default\">\n\t\t\t\t<div class=\"elementor-widget-container\">\n\t\t\t\t\t\t\t\t\t<p>Unija ETL IT nudi sveobuhvatna rje\u0161enja za optimizaciju poslovnih procesa, digitalizaciju i razvoj novih funkcionalnosti, s ciljem pove\u0107anja efikasnosti i unapre\u0111enja korisni\u010dke podr\u0161ke.<\/p><ul><li>Implementacija i integracija ERP i DMS sistema,<\/li><li>automatske veze izme\u0111u sistema,<\/li><li>uvoz i izvoz podataka,<\/li><li>optimizacija poslovnih procesa u svim odjeljenjima kompanije, i<\/li><li>pomo\u0107 i podr\u0161ka klijentima u kori\u0161\u0107enju ovih sistema.<\/li><\/ul><p>\u00a0<\/p><p>Poma\u017eemo kompanijama da se fokusiraju na svoju osnovnu djelatnost, dok odr\u017eavamo programe i aplikacije u radu.<\/p>\t\t\t\t\t\t\t\t<\/div>\n\t\t\t\t<\/div>\n\t\t\t\t<div class=\"elementor-element elementor-element-85e7a61 read-more elementor-tablet-align-center elementor-widget elementor-widget-button\" data-id=\"85e7a61\" data-element_type=\"widget\" data-e-type=\"widget\" data-widget_type=\"button.default\">\n\t\t\t\t<div class=\"elementor-widget-container\">\n\t\t\t\t\t\t\t\t\t<div class=\"elementor-button-wrapper\">\n\t\t\t\t\t<a class=\"elementor-button elementor-button-link elementor-size-xs\" href=\"https:\/\/it.unija.com\/cg\/poslovna-informatika\/\">\n\t\t\t\t\t\t<span class=\"elementor-button-content-wrapper\">\n\t\t\t\t\t\t\t\t\t<span class=\"elementor-button-text\">Saznajte vi\u0161e<\/span>\n\t\t\t\t\t<\/span>\n\t\t\t\t\t<\/a>\n\t\t\t\t<\/div>\n\t\t\t\t\t\t\t\t<\/div>\n\t\t\t\t<\/div>\n\t\t\t\t\t<\/div>\n\t\t\t\t<\/div>\n\t\t<div class=\"elementor-element elementor-element-a33dfdc e-flex e-con-boxed e-con e-child\" data-id=\"a33dfdc\" data-element_type=\"container\" data-e-type=\"container\">\n\t\t\t\t\t<div class=\"e-con-inner\">\n\t\t\t\t<div class=\"elementor-element elementor-element-d448e7e elementor-widget elementor-widget-image\" data-id=\"d448e7e\" data-element_type=\"widget\" data-e-type=\"widget\" data-widget_type=\"image.default\">\n\t\t\t\t<div class=\"elementor-widget-container\">\n\t\t\t\t\t\t\t\t\t\t\t\t\t\t\t<img fetchpriority=\"high\" decoding=\"async\" width=\"640\" height=\"276\" src=\"https:\/\/it.unija.com\/wp-content\/uploads\/2024\/04\/IT-varnost-1024x442.jpg\" class=\"attachment-large size-large wp-image-2211\" alt=\"\" srcset=\"https:\/\/it.unija.com\/wp-content\/uploads\/2024\/04\/IT-varnost-1024x442.jpg 1024w, https:\/\/it.unija.com\/wp-content\/uploads\/2024\/04\/IT-varnost-300x130.jpg 300w, https:\/\/it.unija.com\/wp-content\/uploads\/2024\/04\/IT-varnost-768x332.jpg 768w, https:\/\/it.unija.com\/wp-content\/uploads\/2024\/04\/IT-varnost-1536x663.jpg 1536w, https:\/\/it.unija.com\/wp-content\/uploads\/2024\/04\/IT-varnost.jpg 1920w\" sizes=\"(max-width: 640px) 100vw, 640px\" \/>\t\t\t\t\t\t\t\t\t\t\t\t\t\t\t<\/div>\n\t\t\t\t<\/div>\n\t\t\t\t\t<\/div>\n\t\t\t\t<\/div>\n\t\t\t\t\t<\/div>\n\t\t\t\t<\/div>\n\t\t\t\t\t<\/div>\n\t\t\t\t<\/div>\n\t\t<div class=\"elementor-element elementor-element-f9c8651 e-flex e-con-boxed e-con e-child\" data-id=\"f9c8651\" data-element_type=\"container\" data-e-type=\"container\">\n\t\t\t\t\t<div class=\"e-con-inner\">\n\t\t<div class=\"elementor-element elementor-element-5530b2f e-flex e-con-boxed e-con e-child\" data-id=\"5530b2f\" data-element_type=\"container\" data-e-type=\"container\">\n\t\t\t\t\t<div class=\"e-con-inner\">\n\t\t<div class=\"elementor-element elementor-element-c00c14d e-flex e-con-boxed e-con e-child\" data-id=\"c00c14d\" data-element_type=\"container\" data-e-type=\"container\">\n\t\t\t\t\t<div class=\"e-con-inner\">\n\t\t\t\t<div class=\"elementor-element elementor-element-91a43c0 elementor-widget elementor-widget-heading\" data-id=\"91a43c0\" data-element_type=\"widget\" data-e-type=\"widget\" data-widget_type=\"heading.default\">\n\t\t\t\t<div class=\"elementor-widget-container\">\n\t\t\t\t\t<h2 class=\"elementor-heading-title elementor-size-default\">POSLOVNA ANALITIKA (POWER BI)<\/h2>\t\t\t\t<\/div>\n\t\t\t\t<\/div>\n\t\t\t\t<div class=\"elementor-element elementor-element-7ec80a5 elementor-widget elementor-widget-text-editor\" data-id=\"7ec80a5\" data-element_type=\"widget\" data-e-type=\"widget\" data-widget_type=\"text-editor.default\">\n\t\t\t\t<div class=\"elementor-widget-container\">\n\t\t\t\t\t\t\t\t\t<p>Sveobuhvatno rje\u0161enje poslovne analitike uz pomo\u0107 Power BI-ja omogu\u0107ava interaktivnu i a\u017eurnu vizualizaciju podataka za bolje poslovno odlu\u010divanje.\u00a0<\/p><ul><li>Implementacija prilago\u0111enih Power BI izvje\u0161taja,<\/li><li>besplatne prezentacije,<\/li><li>edukacija za sve nivoe korisnika i<\/li><li>podr\u0161ka u kori\u0161\u0107enju alata, uklju\u010duju\u0107i ra\u0161\u010dlanjivanje podataka, filtriranje, dubinsku analizu, kreiranje kontrolne table i dijeljenje izvje\u0161taja.<\/li><\/ul><p>\u00a0<\/p>\t\t\t\t\t\t\t\t<\/div>\n\t\t\t\t<\/div>\n\t\t\t\t<div class=\"elementor-element elementor-element-0106e5d read-more elementor-tablet-align-center elementor-widget elementor-widget-button\" data-id=\"0106e5d\" data-element_type=\"widget\" data-e-type=\"widget\" data-widget_type=\"button.default\">\n\t\t\t\t<div class=\"elementor-widget-container\">\n\t\t\t\t\t\t\t\t\t<div class=\"elementor-button-wrapper\">\n\t\t\t\t\t<a class=\"elementor-button elementor-button-link elementor-size-xs\" href=\"https:\/\/it.unija.com\/cg\/poslovna-analitika\/\">\n\t\t\t\t\t\t<span class=\"elementor-button-content-wrapper\">\n\t\t\t\t\t\t\t\t\t<span class=\"elementor-button-text\">Saznajte vi\u0161e<\/span>\n\t\t\t\t\t<\/span>\n\t\t\t\t\t<\/a>\n\t\t\t\t<\/div>\n\t\t\t\t\t\t\t\t<\/div>\n\t\t\t\t<\/div>\n\t\t\t\t\t<\/div>\n\t\t\t\t<\/div>\n\t\t<div class=\"elementor-element elementor-element-9964fbc e-flex e-con-boxed e-con e-child\" data-id=\"9964fbc\" data-element_type=\"container\" data-e-type=\"container\">\n\t\t\t\t\t<div class=\"e-con-inner\">\n\t\t\t\t<div class=\"elementor-element elementor-element-3c84834 elementor-widget elementor-widget-image\" data-id=\"3c84834\" data-element_type=\"widget\" data-e-type=\"widget\" data-widget_type=\"image.default\">\n\t\t\t\t<div class=\"elementor-widget-container\">\n\t\t\t\t\t\t\t\t\t\t\t\t\t\t\t<img decoding=\"async\" width=\"640\" height=\"291\" src=\"https:\/\/it.unija.com\/wp-content\/uploads\/2024\/06\/Poslovna-analitika-1024x465.jpg\" class=\"attachment-large size-large wp-image-2280\" alt=\"\" srcset=\"https:\/\/it.unija.com\/wp-content\/uploads\/2024\/06\/Poslovna-analitika-1024x465.jpg 1024w, https:\/\/it.unija.com\/wp-content\/uploads\/2024\/06\/Poslovna-analitika-300x136.jpg 300w, https:\/\/it.unija.com\/wp-content\/uploads\/2024\/06\/Poslovna-analitika-768x348.jpg 768w, https:\/\/it.unija.com\/wp-content\/uploads\/2024\/06\/Poslovna-analitika-1536x697.jpg 1536w, https:\/\/it.unija.com\/wp-content\/uploads\/2024\/06\/Poslovna-analitika.jpg 1920w\" sizes=\"(max-width: 640px) 100vw, 640px\" \/>\t\t\t\t\t\t\t\t\t\t\t\t\t\t\t<\/div>\n\t\t\t\t<\/div>\n\t\t\t\t\t<\/div>\n\t\t\t\t<\/div>\n\t\t\t\t\t<\/div>\n\t\t\t\t<\/div>\n\t\t\t\t\t<\/div>\n\t\t\t\t<\/div>\n\t\t\t\t<\/div>\n\t\t\t\t<\/div>\n\t\t","protected":false},"excerpt":{"rendered":"<p>POSLOVNA INFORMATIKA I ANALITIKA Pregled stanja i poslovanja. Bilo gdje i bilo kada. Po\u0161aljite nam upit U Unija ETL IT [&hellip;]<\/p>\n","protected":false},"author":1,"featured_media":0,"parent":0,"menu_order":0,"comment_status":"closed","ping_status":"closed","template":"","meta":{"_acf_changed":false,"inline_featured_image":false,"footnotes":""},"class_list":["post-2374","page","type-page","status-publish","hentry"],"acf":[],"yoast_head":"<!-- This site is optimized with the Yoast SEO plugin v27.4 - https:\/\/yoast.com\/product\/yoast-seo-wordpress\/ -->\n<title>Poslovna rje\u0161enja: ERP, DMS i Power BI - Unija Sibit<\/title>\n<meta name=\"description\" content=\"Sibit Unija optimizuje poslovne procese sa ERP, DMS i Power BI re\u0161enjima. Pregled poslovanja bilo gdje i bilo kada uz inovativna IT rje\u0161enja.\" \/>\n<meta name=\"robots\" content=\"index, follow, max-snippet:-1, max-image-preview:large, max-video-preview:-1\" \/>\n<link rel=\"canonical\" href=\"https:\/\/it.unija.com\/cg\/poslovna-resenja\/\" \/>\n<meta property=\"og:locale\" content=\"en_US\" \/>\n<meta property=\"og:type\" content=\"article\" \/>\n<meta property=\"og:title\" content=\"Poslovna rje\u0161enja: ERP, DMS i Power BI - Unija Sibit\" \/>\n<meta property=\"og:description\" content=\"Sibit Unija optimizuje poslovne procese sa ERP, DMS i Power BI re\u0161enjima. Pregled poslovanja bilo gdje i bilo kada uz inovativna IT rje\u0161enja.\" \/>\n<meta property=\"og:url\" content=\"https:\/\/it.unija.com\/cg\/poslovna-resenja\/\" \/>\n<meta property=\"og:site_name\" content=\"Unija ETL IT Solutions\" \/>\n<meta property=\"article:modified_time\" content=\"2026-01-23T12:34:50+00:00\" \/>\n<meta property=\"og:image\" content=\"https:\/\/it.unija.com\/wp-content\/uploads\/2024\/04\/IT-varnost.jpg\" \/>\n\t<meta property=\"og:image:width\" content=\"1920\" \/>\n\t<meta property=\"og:image:height\" content=\"829\" \/>\n\t<meta property=\"og:image:type\" content=\"image\/jpeg\" \/>\n<meta name=\"twitter:card\" content=\"summary_large_image\" \/>\n<meta name=\"twitter:label1\" content=\"Est. reading time\" \/>\n\t<meta name=\"twitter:data1\" content=\"2 minutes\" \/>\n<script type=\"application\/ld+json\" class=\"yoast-schema-graph\">{\"@context\":\"https:\\\/\\\/schema.org\",\"@graph\":[{\"@type\":\"WebPage\",\"@id\":\"https:\\\/\\\/it.unija.com\\\/cg\\\/poslovna-resenja\\\/\",\"url\":\"https:\\\/\\\/it.unija.com\\\/cg\\\/poslovna-resenja\\\/\",\"name\":\"Poslovna rje\u0161enja: ERP, DMS i Power BI - Unija Sibit\",\"isPartOf\":{\"@id\":\"https:\\\/\\\/it.unija.com\\\/cg\\\/#website\"},\"primaryImageOfPage\":{\"@id\":\"https:\\\/\\\/it.unija.com\\\/cg\\\/poslovna-resenja\\\/#primaryimage\"},\"image\":{\"@id\":\"https:\\\/\\\/it.unija.com\\\/cg\\\/poslovna-resenja\\\/#primaryimage\"},\"thumbnailUrl\":\"https:\\\/\\\/it.unija.com\\\/wp-content\\\/uploads\\\/2024\\\/04\\\/IT-varnost-1024x442.jpg\",\"datePublished\":\"2024-08-05T12:30:20+00:00\",\"dateModified\":\"2026-01-23T12:34:50+00:00\",\"description\":\"Sibit Unija optimizuje poslovne procese sa ERP, DMS i Power BI re\u0161enjima. Pregled poslovanja bilo gdje i bilo kada uz inovativna IT rje\u0161enja.\",\"breadcrumb\":{\"@id\":\"https:\\\/\\\/it.unija.com\\\/cg\\\/poslovna-resenja\\\/#breadcrumb\"},\"inLanguage\":\"cg\",\"potentialAction\":[{\"@type\":\"ReadAction\",\"target\":[\"https:\\\/\\\/it.unija.com\\\/cg\\\/poslovna-resenja\\\/\"]}]},{\"@type\":\"ImageObject\",\"inLanguage\":\"cg\",\"@id\":\"https:\\\/\\\/it.unija.com\\\/cg\\\/poslovna-resenja\\\/#primaryimage\",\"url\":\"https:\\\/\\\/it.unija.com\\\/wp-content\\\/uploads\\\/2024\\\/04\\\/IT-varnost-1024x442.jpg\",\"contentUrl\":\"https:\\\/\\\/it.unija.com\\\/wp-content\\\/uploads\\\/2024\\\/04\\\/IT-varnost-1024x442.jpg\"},{\"@type\":\"BreadcrumbList\",\"@id\":\"https:\\\/\\\/it.unija.com\\\/cg\\\/poslovna-resenja\\\/#breadcrumb\",\"itemListElement\":[{\"@type\":\"ListItem\",\"position\":1,\"name\":\"Home\",\"item\":\"https:\\\/\\\/it.unija.com\\\/cg\\\/\"},{\"@type\":\"ListItem\",\"position\":2,\"name\":\"Poslovna rje\u0161enja\"}]},{\"@type\":\"WebSite\",\"@id\":\"https:\\\/\\\/it.unija.com\\\/cg\\\/#website\",\"url\":\"https:\\\/\\\/it.unija.com\\\/cg\\\/\",\"name\":\"Unija ETL IT Solutions\",\"description\":\"IT re\u0161itve za bolj\u0161e poslovanje\",\"publisher\":{\"@id\":\"https:\\\/\\\/it.unija.com\\\/cg\\\/#organization\"},\"potentialAction\":[{\"@type\":\"SearchAction\",\"target\":{\"@type\":\"EntryPoint\",\"urlTemplate\":\"https:\\\/\\\/it.unija.com\\\/cg\\\/?s={search_term_string}\"},\"query-input\":{\"@type\":\"PropertyValueSpecification\",\"valueRequired\":true,\"valueName\":\"search_term_string\"}}],\"inLanguage\":\"cg\"},{\"@type\":\"Organization\",\"@id\":\"https:\\\/\\\/it.unija.com\\\/cg\\\/#organization\",\"name\":\"Unija ETL IT Solutions\",\"url\":\"https:\\\/\\\/it.unija.com\\\/cg\\\/\",\"logo\":{\"@type\":\"ImageObject\",\"inLanguage\":\"cg\",\"@id\":\"https:\\\/\\\/it.unija.com\\\/cg\\\/#\\\/schema\\\/logo\\\/image\\\/\",\"url\":\"https:\\\/\\\/it.unija.com\\\/wp-content\\\/uploads\\\/2026\\\/02\\\/Unija-ETL-IT-Solutions-Logo.png\",\"contentUrl\":\"https:\\\/\\\/it.unija.com\\\/wp-content\\\/uploads\\\/2026\\\/02\\\/Unija-ETL-IT-Solutions-Logo.png\",\"width\":250,\"height\":79,\"caption\":\"Unija ETL IT Solutions\"},\"image\":{\"@id\":\"https:\\\/\\\/it.unija.com\\\/cg\\\/#\\\/schema\\\/logo\\\/image\\\/\"}}]}<\/script>\n<!-- \/ Yoast SEO plugin. -->","yoast_head_json":{"title":"Poslovna rje\u0161enja: ERP, DMS i Power BI - Unija Sibit","description":"Sibit Unija optimizuje poslovne procese sa ERP, DMS i Power BI re\u0161enjima. Pregled poslovanja bilo gdje i bilo kada uz inovativna IT rje\u0161enja.","robots":{"index":"index","follow":"follow","max-snippet":"max-snippet:-1","max-image-preview":"max-image-preview:large","max-video-preview":"max-video-preview:-1"},"canonical":"https:\/\/it.unija.com\/cg\/poslovna-resenja\/","og_locale":"en_US","og_type":"article","og_title":"Poslovna rje\u0161enja: ERP, DMS i Power BI - Unija Sibit","og_description":"Sibit Unija optimizuje poslovne procese sa ERP, DMS i Power BI re\u0161enjima. Pregled poslovanja bilo gdje i bilo kada uz inovativna IT rje\u0161enja.","og_url":"https:\/\/it.unija.com\/cg\/poslovna-resenja\/","og_site_name":"Unija ETL IT Solutions","article_modified_time":"2026-01-23T12:34:50+00:00","og_image":[{"width":1920,"height":829,"url":"https:\/\/it.unija.com\/wp-content\/uploads\/2024\/04\/IT-varnost.jpg","type":"image\/jpeg"}],"twitter_card":"summary_large_image","twitter_misc":{"Est. reading time":"2 minutes"},"schema":{"@context":"https:\/\/schema.org","@graph":[{"@type":"WebPage","@id":"https:\/\/it.unija.com\/cg\/poslovna-resenja\/","url":"https:\/\/it.unija.com\/cg\/poslovna-resenja\/","name":"Poslovna rje\u0161enja: ERP, DMS i Power BI - Unija Sibit","isPartOf":{"@id":"https:\/\/it.unija.com\/cg\/#website"},"primaryImageOfPage":{"@id":"https:\/\/it.unija.com\/cg\/poslovna-resenja\/#primaryimage"},"image":{"@id":"https:\/\/it.unija.com\/cg\/poslovna-resenja\/#primaryimage"},"thumbnailUrl":"https:\/\/it.unija.com\/wp-content\/uploads\/2024\/04\/IT-varnost-1024x442.jpg","datePublished":"2024-08-05T12:30:20+00:00","dateModified":"2026-01-23T12:34:50+00:00","description":"Sibit Unija optimizuje poslovne procese sa ERP, DMS i Power BI re\u0161enjima. Pregled poslovanja bilo gdje i bilo kada uz inovativna IT rje\u0161enja.","breadcrumb":{"@id":"https:\/\/it.unija.com\/cg\/poslovna-resenja\/#breadcrumb"},"inLanguage":"cg","potentialAction":[{"@type":"ReadAction","target":["https:\/\/it.unija.com\/cg\/poslovna-resenja\/"]}]},{"@type":"ImageObject","inLanguage":"cg","@id":"https:\/\/it.unija.com\/cg\/poslovna-resenja\/#primaryimage","url":"https:\/\/it.unija.com\/wp-content\/uploads\/2024\/04\/IT-varnost-1024x442.jpg","contentUrl":"https:\/\/it.unija.com\/wp-content\/uploads\/2024\/04\/IT-varnost-1024x442.jpg"},{"@type":"BreadcrumbList","@id":"https:\/\/it.unija.com\/cg\/poslovna-resenja\/#breadcrumb","itemListElement":[{"@type":"ListItem","position":1,"name":"Home","item":"https:\/\/it.unija.com\/cg\/"},{"@type":"ListItem","position":2,"name":"Poslovna rje\u0161enja"}]},{"@type":"WebSite","@id":"https:\/\/it.unija.com\/cg\/#website","url":"https:\/\/it.unija.com\/cg\/","name":"Unija ETL IT Solutions","description":"IT re\u0161itve za bolj\u0161e poslovanje","publisher":{"@id":"https:\/\/it.unija.com\/cg\/#organization"},"potentialAction":[{"@type":"SearchAction","target":{"@type":"EntryPoint","urlTemplate":"https:\/\/it.unija.com\/cg\/?s={search_term_string}"},"query-input":{"@type":"PropertyValueSpecification","valueRequired":true,"valueName":"search_term_string"}}],"inLanguage":"cg"},{"@type":"Organization","@id":"https:\/\/it.unija.com\/cg\/#organization","name":"Unija ETL IT Solutions","url":"https:\/\/it.unija.com\/cg\/","logo":{"@type":"ImageObject","inLanguage":"cg","@id":"https:\/\/it.unija.com\/cg\/#\/schema\/logo\/image\/","url":"https:\/\/it.unija.com\/wp-content\/uploads\/2026\/02\/Unija-ETL-IT-Solutions-Logo.png","contentUrl":"https:\/\/it.unija.com\/wp-content\/uploads\/2026\/02\/Unija-ETL-IT-Solutions-Logo.png","width":250,"height":79,"caption":"Unija ETL IT Solutions"},"image":{"@id":"https:\/\/it.unija.com\/cg\/#\/schema\/logo\/image\/"}}]}},"_links":{"self":[{"href":"https:\/\/it.unija.com\/cg\/wp-json\/wp\/v2\/pages\/2374","targetHints":{"allow":["GET"]}}],"collection":[{"href":"https:\/\/it.unija.com\/cg\/wp-json\/wp\/v2\/pages"}],"about":[{"href":"https:\/\/it.unija.com\/cg\/wp-json\/wp\/v2\/types\/page"}],"author":[{"embeddable":true,"href":"https:\/\/it.unija.com\/cg\/wp-json\/wp\/v2\/users\/1"}],"replies":[{"embeddable":true,"href":"https:\/\/it.unija.com\/cg\/wp-json\/wp\/v2\/comments?post=2374"}],"version-history":[{"count":15,"href":"https:\/\/it.unija.com\/cg\/wp-json\/wp\/v2\/pages\/2374\/revisions"}],"predecessor-version":[{"id":4225,"href":"https:\/\/it.unija.com\/cg\/wp-json\/wp\/v2\/pages\/2374\/revisions\/4225"}],"wp:attachment":[{"href":"https:\/\/it.unija.com\/cg\/wp-json\/wp\/v2\/media?parent=2374"}],"curies":[{"name":"wp","href":"https:\/\/api.w.org\/{rel}","templated":true}]}}