
{"id":2243,"date":"2024-04-30T10:01:05","date_gmt":"2024-04-30T08:01:05","guid":{"rendered":"https:\/\/it.unija.com\/it-projekti\/"},"modified":"2026-01-23T12:26:06","modified_gmt":"2026-01-23T11:26:06","slug":"it-projekti","status":"publish","type":"page","link":"https:\/\/it.unija.com\/cg\/it-projekti\/","title":{"rendered":"IT projekti"},"content":{"rendered":"\t\t<div data-elementor-type=\"wp-page\" data-elementor-id=\"2243\" class=\"elementor elementor-2243 elementor-338\" data-elementor-post-type=\"page\">\n\t\t\t\t<div class=\"elementor-element elementor-element-77bc0fb e-con-full e-flex e-con e-child\" data-id=\"77bc0fb\" data-element_type=\"container\" data-e-type=\"container\" data-settings=\"{&quot;background_background&quot;:&quot;classic&quot;,&quot;background_motion_fx_motion_fx_scrolling&quot;:&quot;yes&quot;,&quot;background_motion_fx_blur_effect&quot;:&quot;yes&quot;,&quot;background_motion_fx_blur_direction&quot;:&quot;in-out&quot;,&quot;background_motion_fx_blur_level&quot;:{&quot;unit&quot;:&quot;px&quot;,&quot;size&quot;:5,&quot;sizes&quot;:[]},&quot;background_motion_fx_blur_range&quot;:{&quot;unit&quot;:&quot;%&quot;,&quot;size&quot;:&quot;&quot;,&quot;sizes&quot;:{&quot;start&quot;:59,&quot;end&quot;:100}},&quot;background_motion_fx_devices&quot;:[&quot;desktop&quot;]}\">\n\t\t<div class=\"elementor-element elementor-element-caeb1dd e-con-full e-flex e-con e-child\" data-id=\"caeb1dd\" data-element_type=\"container\" data-e-type=\"container\">\n\t\t<div class=\"elementor-element elementor-element-8f21386 e-flex e-con-boxed e-con e-child\" data-id=\"8f21386\" data-element_type=\"container\" data-e-type=\"container\">\n\t\t\t\t\t<div class=\"e-con-inner\">\n\t\t\t\t<div class=\"elementor-element elementor-element-05fcac3 animated-fast elementor-invisible elementor-widget elementor-widget-heading\" data-id=\"05fcac3\" data-element_type=\"widget\" data-e-type=\"widget\" data-settings=\"{&quot;_animation&quot;:&quot;fadeInLeft&quot;}\" data-widget_type=\"heading.default\">\n\t\t\t\t<div class=\"elementor-widget-container\">\n\t\t\t\t\t<h2 class=\"elementor-heading-title elementor-size-default\">IT PROJEKTI  <\/h2>\t\t\t\t<\/div>\n\t\t\t\t<\/div>\n\t\t\t\t<div class=\"elementor-element elementor-element-b835fe5 elementor-widget__width-initial animated-fast elementor-invisible elementor-widget elementor-widget-heading\" data-id=\"b835fe5\" data-element_type=\"widget\" data-e-type=\"widget\" data-settings=\"{&quot;_animation&quot;:&quot;fadeInLeft&quot;,&quot;_animation_delay&quot;:50}\" data-widget_type=\"heading.default\">\n\t\t\t\t<div class=\"elementor-widget-container\">\n\t\t\t\t\t<h2 class=\"elementor-heading-title elementor-size-default\">Pru\u017eamo sveobuhvatno planiranje, upravljanje i implementaciju ICT projekata. Zajedno sa vama, od po\u010detka do kraja. <\/h2>\t\t\t\t<\/div>\n\t\t\t\t<\/div>\n\t\t\t\t<div class=\"elementor-element elementor-element-26f3993 cta-btn animated-fast elementor-invisible elementor-widget elementor-widget-button\" data-id=\"26f3993\" data-element_type=\"widget\" data-e-type=\"widget\" data-settings=\"{&quot;_animation&quot;:&quot;fadeInLeft&quot;,&quot;_animation_delay&quot;:100}\" data-widget_type=\"button.default\">\n\t\t\t\t<div class=\"elementor-widget-container\">\n\t\t\t\t\t\t\t\t\t<div class=\"elementor-button-wrapper\">\n\t\t\t\t\t<a class=\"elementor-button elementor-button-link elementor-size-md\" href=\"https:\/\/it.unija.com\/cg\/zahtev\/\">\n\t\t\t\t\t\t<span class=\"elementor-button-content-wrapper\">\n\t\t\t\t\t\t\t\t\t<span class=\"elementor-button-text\">Po\u0161aljite nam upit<\/span>\n\t\t\t\t\t<\/span>\n\t\t\t\t\t<\/a>\n\t\t\t\t<\/div>\n\t\t\t\t\t\t\t\t<\/div>\n\t\t\t\t<\/div>\n\t\t\t\t\t<\/div>\n\t\t\t\t<\/div>\n\t\t\t\t<\/div>\n\t\t\t\t<\/div>\n\t\t<div class=\"elementor-element elementor-element-74b7960 e-flex e-con-boxed e-con e-child\" data-id=\"74b7960\" data-element_type=\"container\" data-e-type=\"container\">\n\t\t\t\t\t<div class=\"e-con-inner\">\n\t\t<div class=\"elementor-element elementor-element-d1994df e-flex e-con-boxed e-con e-child\" data-id=\"d1994df\" data-element_type=\"container\" data-e-type=\"container\">\n\t\t\t\t\t<div class=\"e-con-inner\">\n\t\t<div class=\"elementor-element elementor-element-ec96aa9 e-flex e-con-boxed e-con e-child\" data-id=\"ec96aa9\" data-element_type=\"container\" data-e-type=\"container\">\n\t\t\t\t\t<div class=\"e-con-inner\">\n\t\t\t\t<div class=\"elementor-element elementor-element-e442efb elementor-widget elementor-widget-heading\" data-id=\"e442efb\" data-element_type=\"widget\" data-e-type=\"widget\" data-widget_type=\"heading.default\">\n\t\t\t\t<div class=\"elementor-widget-container\">\n\t\t\t\t\t<h2 class=\"elementor-heading-title elementor-size-default\">PLANIRANJE  <\/h2>\t\t\t\t<\/div>\n\t\t\t\t<\/div>\n\t\t\t\t<div class=\"elementor-element elementor-element-c3db359 elementor-widget elementor-widget-text-editor\" data-id=\"c3db359\" data-element_type=\"widget\" data-e-type=\"widget\" data-widget_type=\"text-editor.default\">\n\t\t\t\t<div class=\"elementor-widget-container\">\n\t\t\t\t\t\t\t\t\t<p>Planiranje ICT projekata klju\u010dno je za uspjeh u savremenom poslovnom svijetu.<\/p><p>Nudimo vam kompletno rje\u0161enje za uspje\u0161no planiranje, upravljanje i implementaciju va\u0161ih projekata. Na\u0161 stru\u010dni tim i sveobuhvatan pristup poma\u017eu vam da ostvarite va\u0161e ICT ciljeve.<\/p><p>Na\u0161e usluge planiranja po\u010dinju detaljnim razumijevanjem va\u0161ih potreba i ciljeva. Zatim, u saradnji sa vama, defini\u0161emo obim projekta, identifikujemo klju\u010dne zahtjeve i uspostavljamo jasne smjernice za uspjeh. Svojim znanjem i iskustvom poma\u017eemo vam da osmislite strategiju prilago\u0111enu va\u0161im specifi\u010dnim izazovima i poslovnim ciljevima.<\/p>\t\t\t\t\t\t\t\t<\/div>\n\t\t\t\t<\/div>\n\t\t\t\t\t<\/div>\n\t\t\t\t<\/div>\n\t\t<div class=\"elementor-element elementor-element-c4d23bc e-flex e-con-boxed e-con e-child\" data-id=\"c4d23bc\" data-element_type=\"container\" data-e-type=\"container\">\n\t\t\t\t\t<div class=\"e-con-inner\">\n\t\t\t\t<div class=\"elementor-element elementor-element-93f1352 elementor-widget elementor-widget-image\" data-id=\"93f1352\" data-element_type=\"widget\" data-e-type=\"widget\" data-widget_type=\"image.default\">\n\t\t\t\t<div class=\"elementor-widget-container\">\n\t\t\t\t\t\t\t\t\t\t\t\t\t\t\t<img fetchpriority=\"high\" decoding=\"async\" width=\"640\" height=\"424\" src=\"https:\/\/it.unija.com\/wp-content\/uploads\/2024\/08\/NACRTOVANJE_1200-px-1024x678.jpg\" class=\"attachment-large size-large wp-image-2244\" alt=\"\" srcset=\"https:\/\/it.unija.com\/wp-content\/uploads\/2024\/08\/NACRTOVANJE_1200-px-1024x678.jpg 1024w, https:\/\/it.unija.com\/wp-content\/uploads\/2024\/08\/NACRTOVANJE_1200-px-300x199.jpg 300w, https:\/\/it.unija.com\/wp-content\/uploads\/2024\/08\/NACRTOVANJE_1200-px-768x508.jpg 768w, https:\/\/it.unija.com\/wp-content\/uploads\/2024\/08\/NACRTOVANJE_1200-px.jpg 1200w\" sizes=\"(max-width: 640px) 100vw, 640px\" \/>\t\t\t\t\t\t\t\t\t\t\t\t\t\t\t<\/div>\n\t\t\t\t<\/div>\n\t\t\t\t\t<\/div>\n\t\t\t\t<\/div>\n\t\t\t\t\t<\/div>\n\t\t\t\t<\/div>\n\t\t\t\t\t<\/div>\n\t\t\t\t<\/div>\n\t\t<div class=\"elementor-element elementor-element-bb2187f e-flex e-con-boxed e-con e-child\" data-id=\"bb2187f\" data-element_type=\"container\" data-e-type=\"container\">\n\t\t\t\t\t<div class=\"e-con-inner\">\n\t\t<div class=\"elementor-element elementor-element-0f46a39 e-flex e-con-boxed e-con e-child\" data-id=\"0f46a39\" data-element_type=\"container\" data-e-type=\"container\">\n\t\t\t\t\t<div class=\"e-con-inner\">\n\t\t<div class=\"elementor-element elementor-element-95e5ee4 e-flex e-con-boxed e-con e-child\" data-id=\"95e5ee4\" data-element_type=\"container\" data-e-type=\"container\">\n\t\t\t\t\t<div class=\"e-con-inner\">\n\t\t\t\t<div class=\"elementor-element elementor-element-61bedbf elementor-widget elementor-widget-heading\" data-id=\"61bedbf\" data-element_type=\"widget\" data-e-type=\"widget\" data-widget_type=\"heading.default\">\n\t\t\t\t<div class=\"elementor-widget-container\">\n\t\t\t\t\t<h2 class=\"elementor-heading-title elementor-size-default\">UPRAVLJANJE<\/h2>\t\t\t\t<\/div>\n\t\t\t\t<\/div>\n\t\t\t\t<div class=\"elementor-element elementor-element-36ee7f8 elementor-widget elementor-widget-text-editor\" data-id=\"36ee7f8\" data-element_type=\"widget\" data-e-type=\"widget\" data-widget_type=\"text-editor.default\">\n\t\t\t\t<div class=\"elementor-widget-container\">\n\t\t\t\t\t\t\t\t\t<p>Kada je plan postavljen, mi preuzimamo upravljanje projektom s najve\u0107om pa\u017enjom i precizno\u0161\u0107u. Na\u0161 tim vam pru\u017ea efikasno upravljanje resursima i zadacima, kao i dosljedno pra\u0107enje napretka.<\/p><p>Fleksibilnim pristupom prilago\u0111avamo se promjenama i odgovaramo na potencijalne izazove, \u0161to vam omogu\u0107ava da zadr\u017eite kontrolu nad projektom i postignete optimalne rezultate.<\/p>\t\t\t\t\t\t\t\t<\/div>\n\t\t\t\t<\/div>\n\t\t\t\t\t<\/div>\n\t\t\t\t<\/div>\n\t\t<div class=\"elementor-element elementor-element-3b119ed e-flex e-con-boxed e-con e-child\" data-id=\"3b119ed\" data-element_type=\"container\" data-e-type=\"container\">\n\t\t\t\t\t<div class=\"e-con-inner\">\n\t\t\t\t<div class=\"elementor-element elementor-element-283fde4 elementor-widget elementor-widget-image\" data-id=\"283fde4\" data-element_type=\"widget\" data-e-type=\"widget\" data-widget_type=\"image.default\">\n\t\t\t\t<div class=\"elementor-widget-container\">\n\t\t\t\t\t\t\t\t\t\t\t\t\t\t\t<img decoding=\"async\" width=\"640\" height=\"366\" src=\"https:\/\/it.unija.com\/wp-content\/uploads\/2024\/08\/VODENJE_1200-px-1024x585.jpg\" class=\"attachment-large size-large wp-image-2245\" alt=\"\" srcset=\"https:\/\/it.unija.com\/wp-content\/uploads\/2024\/08\/VODENJE_1200-px-1024x585.jpg 1024w, https:\/\/it.unija.com\/wp-content\/uploads\/2024\/08\/VODENJE_1200-px-300x172.jpg 300w, https:\/\/it.unija.com\/wp-content\/uploads\/2024\/08\/VODENJE_1200-px-768x439.jpg 768w, https:\/\/it.unija.com\/wp-content\/uploads\/2024\/08\/VODENJE_1200-px.jpg 1200w\" sizes=\"(max-width: 640px) 100vw, 640px\" \/>\t\t\t\t\t\t\t\t\t\t\t\t\t\t\t<\/div>\n\t\t\t\t<\/div>\n\t\t\t\t\t<\/div>\n\t\t\t\t<\/div>\n\t\t\t\t\t<\/div>\n\t\t\t\t<\/div>\n\t\t\t\t\t<\/div>\n\t\t\t\t<\/div>\n\t\t<div class=\"elementor-element elementor-element-519f809 e-flex e-con-boxed e-con e-child\" data-id=\"519f809\" data-element_type=\"container\" data-e-type=\"container\">\n\t\t\t\t\t<div class=\"e-con-inner\">\n\t\t<div class=\"elementor-element elementor-element-1a94869 e-flex e-con-boxed e-con e-child\" data-id=\"1a94869\" data-element_type=\"container\" data-e-type=\"container\">\n\t\t\t\t\t<div class=\"e-con-inner\">\n\t\t<div class=\"elementor-element elementor-element-5cf905c e-flex e-con-boxed e-con e-child\" data-id=\"5cf905c\" data-element_type=\"container\" data-e-type=\"container\">\n\t\t\t\t\t<div class=\"e-con-inner\">\n\t\t\t\t<div class=\"elementor-element elementor-element-bc04a3f elementor-widget elementor-widget-heading\" data-id=\"bc04a3f\" data-element_type=\"widget\" data-e-type=\"widget\" data-widget_type=\"heading.default\">\n\t\t\t\t<div class=\"elementor-widget-container\">\n\t\t\t\t\t<h2 class=\"elementor-heading-title elementor-size-default\">IMPLEMENTACIJA<\/h2>\t\t\t\t<\/div>\n\t\t\t\t<\/div>\n\t\t\t\t<div class=\"elementor-element elementor-element-07e7ebc elementor-widget elementor-widget-text-editor\" data-id=\"07e7ebc\" data-element_type=\"widget\" data-e-type=\"widget\" data-widget_type=\"text-editor.default\">\n\t\t\t\t<div class=\"elementor-widget-container\">\n\t\t\t\t\t\t\t\t\t<p>Kako projekat napreduje, fokusiramo se na izvo\u0111enje sa precizno\u0161\u0107u i pouzdano\u0161\u0107u. Na\u0161 tim osigurava besprijekoran rad svih procesa, koordini\u0161e rad izme\u0111u razli\u010ditih u\u010desnika i osigurava da se svi koraci izvode u skladu s najvi\u0161im standardima kvaliteta. Ovo osigurava da va\u0161 projekat postigne svoje ciljeve na vrijeme, u okviru bud\u017eeta i bez nepotrebnih komplikacija.<\/p><p>Uz na\u0161u sveobuhvatnu podr\u0161ku za planiranje, upravljanje i implementaciju ICT projekata, mo\u017eete posti\u0107i izvanredne rezultate i fokusirati se na svoje klju\u010dne poslovne ciljeve. Povjerite nam svoje projekte i zajedno \u0107emo kreirati trajne inovacije i omogu\u0107iti uspjeh Va\u0161e kompanije u digitalnom svijetu.<\/p>\t\t\t\t\t\t\t\t<\/div>\n\t\t\t\t<\/div>\n\t\t\t\t\t<\/div>\n\t\t\t\t<\/div>\n\t\t<div class=\"elementor-element elementor-element-a442e43 e-flex e-con-boxed e-con e-child\" data-id=\"a442e43\" data-element_type=\"container\" data-e-type=\"container\">\n\t\t\t\t\t<div class=\"e-con-inner\">\n\t\t\t\t<div class=\"elementor-element elementor-element-967c4c6 elementor-widget elementor-widget-image\" data-id=\"967c4c6\" data-element_type=\"widget\" data-e-type=\"widget\" data-widget_type=\"image.default\">\n\t\t\t\t<div class=\"elementor-widget-container\">\n\t\t\t\t\t\t\t\t\t\t\t\t\t\t\t<img decoding=\"async\" width=\"640\" height=\"427\" src=\"https:\/\/it.unija.com\/wp-content\/uploads\/2024\/08\/IZVEDBA_1200-px-1024x683.jpg\" class=\"attachment-large size-large wp-image-2246\" alt=\"\" srcset=\"https:\/\/it.unija.com\/wp-content\/uploads\/2024\/08\/IZVEDBA_1200-px-1024x683.jpg 1024w, https:\/\/it.unija.com\/wp-content\/uploads\/2024\/08\/IZVEDBA_1200-px-300x200.jpg 300w, https:\/\/it.unija.com\/wp-content\/uploads\/2024\/08\/IZVEDBA_1200-px-768x512.jpg 768w, https:\/\/it.unija.com\/wp-content\/uploads\/2024\/08\/IZVEDBA_1200-px.jpg 1200w\" sizes=\"(max-width: 640px) 100vw, 640px\" \/>\t\t\t\t\t\t\t\t\t\t\t\t\t\t\t<\/div>\n\t\t\t\t<\/div>\n\t\t\t\t\t<\/div>\n\t\t\t\t<\/div>\n\t\t\t\t\t<\/div>\n\t\t\t\t<\/div>\n\t\t\t\t\t<\/div>\n\t\t\t\t<\/div>\n\t\t<div class=\"elementor-element elementor-element-6ead204 e-con-full e-flex e-con e-parent\" data-id=\"6ead204\" data-element_type=\"container\" data-e-type=\"container\" data-settings=\"{&quot;background_background&quot;:&quot;classic&quot;}\">\n\t\t<div class=\"elementor-element elementor-element-57ba293 e-flex e-con-boxed e-con e-child\" data-id=\"57ba293\" data-element_type=\"container\" data-e-type=\"container\">\n\t\t\t\t\t<div class=\"e-con-inner\">\n\t\t<div class=\"elementor-element elementor-element-ebd41fa e-flex e-con-boxed e-con e-child\" data-id=\"ebd41fa\" data-element_type=\"container\" data-e-type=\"container\">\n\t\t\t\t\t<div class=\"e-con-inner\">\n\t\t<div class=\"elementor-element elementor-element-90ba225 e-flex e-con-boxed e-con e-child\" data-id=\"90ba225\" data-element_type=\"container\" data-e-type=\"container\">\n\t\t\t\t\t<div class=\"e-con-inner\">\n\t\t\t\t<div class=\"elementor-element elementor-element-ce66df6 elementor-widget elementor-widget-heading\" data-id=\"ce66df6\" data-element_type=\"widget\" data-e-type=\"widget\" data-widget_type=\"heading.default\">\n\t\t\t\t<div class=\"elementor-widget-container\">\n\t\t\t\t\t<h2 class=\"elementor-heading-title elementor-size-default\">Da li se suo\u010davate sa IT izazovima?<\/h2>\t\t\t\t<\/div>\n\t\t\t\t<\/div>\n\t\t\t\t<div class=\"elementor-element elementor-element-b5da47d cta-btn elementor-align-center elementor-widget elementor-widget-button\" data-id=\"b5da47d\" data-element_type=\"widget\" data-e-type=\"widget\" data-widget_type=\"button.default\">\n\t\t\t\t<div class=\"elementor-widget-container\">\n\t\t\t\t\t\t\t\t\t<div class=\"elementor-button-wrapper\">\n\t\t\t\t\t<a class=\"elementor-button elementor-button-link elementor-size-md\" href=\"https:\/\/it.unija.com\/cg\/zahtev\/\">\n\t\t\t\t\t\t<span class=\"elementor-button-content-wrapper\">\n\t\t\t\t\t\t\t\t\t<span class=\"elementor-button-text\">Po\u0161aljite nam upit<\/span>\n\t\t\t\t\t<\/span>\n\t\t\t\t\t<\/a>\n\t\t\t\t<\/div>\n\t\t\t\t\t\t\t\t<\/div>\n\t\t\t\t<\/div>\n\t\t\t\t\t<\/div>\n\t\t\t\t<\/div>\n\t\t\t\t\t<\/div>\n\t\t\t\t<\/div>\n\t\t\t\t\t<\/div>\n\t\t\t\t<\/div>\n\t\t\t\t<\/div>\n\t\t\t\t<\/div>\n\t\t","protected":false},"excerpt":{"rendered":"<p>IT PROJEKTI Pru\u017eamo sveobuhvatno planiranje, upravljanje i implementaciju ICT projekata. Zajedno sa vama, od po\u010detka do kraja. Po\u0161aljite nam upit [&hellip;]<\/p>\n","protected":false},"author":1,"featured_media":2207,"parent":0,"menu_order":0,"comment_status":"closed","ping_status":"closed","template":"","meta":{"_acf_changed":false,"inline_featured_image":false,"footnotes":""},"class_list":["post-2243","page","type-page","status-publish","has-post-thumbnail","hentry"],"acf":[],"yoast_head":"<!-- This site is optimized with the Yoast SEO plugin v27.4 - https:\/\/yoast.com\/product\/yoast-seo-wordpress\/ -->\n<title>IT projekti i sistemske integracije - Unija Sibit<\/title>\n<meta name=\"description\" content=\"Planiramo i implementiramo IT projekte za optimizaciju poslovanja. Pru\u017eamo prilago\u0111ena rje\u0161enja koja pokre\u0107u rast i digitalnu transformaciju kompanija.\" \/>\n<meta name=\"robots\" content=\"index, follow, max-snippet:-1, max-image-preview:large, max-video-preview:-1\" \/>\n<link rel=\"canonical\" href=\"https:\/\/it.unija.com\/cg\/it-projekti\/\" \/>\n<meta property=\"og:locale\" content=\"en_US\" \/>\n<meta property=\"og:type\" content=\"article\" \/>\n<meta property=\"og:title\" content=\"IT projekti i sistemske integracije - Unija Sibit\" \/>\n<meta property=\"og:description\" content=\"Planiramo i implementiramo IT projekte za optimizaciju poslovanja. Pru\u017eamo prilago\u0111ena rje\u0161enja koja pokre\u0107u rast i digitalnu transformaciju kompanija.\" \/>\n<meta property=\"og:url\" content=\"https:\/\/it.unija.com\/cg\/it-projekti\/\" \/>\n<meta property=\"og:site_name\" content=\"Unija ETL IT Solutions\" \/>\n<meta property=\"article:modified_time\" content=\"2026-01-23T11:26:06+00:00\" \/>\n<meta property=\"og:image\" content=\"https:\/\/it.unija.com\/wp-content\/uploads\/2024\/04\/IT-podpora.jpg\" \/>\n\t<meta property=\"og:image:width\" content=\"1920\" \/>\n\t<meta property=\"og:image:height\" content=\"1061\" \/>\n\t<meta property=\"og:image:type\" content=\"image\/jpeg\" \/>\n<meta name=\"twitter:card\" content=\"summary_large_image\" \/>\n<meta name=\"twitter:label1\" content=\"Est. reading time\" \/>\n\t<meta name=\"twitter:data1\" content=\"2 minutes\" \/>\n<script type=\"application\/ld+json\" class=\"yoast-schema-graph\">{\"@context\":\"https:\\\/\\\/schema.org\",\"@graph\":[{\"@type\":\"WebPage\",\"@id\":\"https:\\\/\\\/it.unija.com\\\/cg\\\/it-projekti\\\/\",\"url\":\"https:\\\/\\\/it.unija.com\\\/cg\\\/it-projekti\\\/\",\"name\":\"IT projekti i sistemske integracije - Unija Sibit\",\"isPartOf\":{\"@id\":\"https:\\\/\\\/it.unija.com\\\/cg\\\/#website\"},\"primaryImageOfPage\":{\"@id\":\"https:\\\/\\\/it.unija.com\\\/cg\\\/it-projekti\\\/#primaryimage\"},\"image\":{\"@id\":\"https:\\\/\\\/it.unija.com\\\/cg\\\/it-projekti\\\/#primaryimage\"},\"thumbnailUrl\":\"https:\\\/\\\/it.unija.com\\\/wp-content\\\/uploads\\\/2024\\\/04\\\/IT-podpora.jpg\",\"datePublished\":\"2024-04-30T08:01:05+00:00\",\"dateModified\":\"2026-01-23T11:26:06+00:00\",\"description\":\"Planiramo i implementiramo IT projekte za optimizaciju poslovanja. Pru\u017eamo prilago\u0111ena rje\u0161enja koja pokre\u0107u rast i digitalnu transformaciju kompanija.\",\"breadcrumb\":{\"@id\":\"https:\\\/\\\/it.unija.com\\\/cg\\\/it-projekti\\\/#breadcrumb\"},\"inLanguage\":\"cg\",\"potentialAction\":[{\"@type\":\"ReadAction\",\"target\":[\"https:\\\/\\\/it.unija.com\\\/cg\\\/it-projekti\\\/\"]}]},{\"@type\":\"ImageObject\",\"inLanguage\":\"cg\",\"@id\":\"https:\\\/\\\/it.unija.com\\\/cg\\\/it-projekti\\\/#primaryimage\",\"url\":\"https:\\\/\\\/it.unija.com\\\/wp-content\\\/uploads\\\/2024\\\/04\\\/IT-podpora.jpg\",\"contentUrl\":\"https:\\\/\\\/it.unija.com\\\/wp-content\\\/uploads\\\/2024\\\/04\\\/IT-podpora.jpg\",\"width\":1920,\"height\":1061},{\"@type\":\"BreadcrumbList\",\"@id\":\"https:\\\/\\\/it.unija.com\\\/cg\\\/it-projekti\\\/#breadcrumb\",\"itemListElement\":[{\"@type\":\"ListItem\",\"position\":1,\"name\":\"Home\",\"item\":\"https:\\\/\\\/it.unija.com\\\/cg\\\/\"},{\"@type\":\"ListItem\",\"position\":2,\"name\":\"IT projekti\"}]},{\"@type\":\"WebSite\",\"@id\":\"https:\\\/\\\/it.unija.com\\\/cg\\\/#website\",\"url\":\"https:\\\/\\\/it.unija.com\\\/cg\\\/\",\"name\":\"Unija ETL IT Solutions\",\"description\":\"IT re\u0161itve za bolj\u0161e poslovanje\",\"publisher\":{\"@id\":\"https:\\\/\\\/it.unija.com\\\/cg\\\/#organization\"},\"potentialAction\":[{\"@type\":\"SearchAction\",\"target\":{\"@type\":\"EntryPoint\",\"urlTemplate\":\"https:\\\/\\\/it.unija.com\\\/cg\\\/?s={search_term_string}\"},\"query-input\":{\"@type\":\"PropertyValueSpecification\",\"valueRequired\":true,\"valueName\":\"search_term_string\"}}],\"inLanguage\":\"cg\"},{\"@type\":\"Organization\",\"@id\":\"https:\\\/\\\/it.unija.com\\\/cg\\\/#organization\",\"name\":\"Unija ETL IT Solutions\",\"url\":\"https:\\\/\\\/it.unija.com\\\/cg\\\/\",\"logo\":{\"@type\":\"ImageObject\",\"inLanguage\":\"cg\",\"@id\":\"https:\\\/\\\/it.unija.com\\\/cg\\\/#\\\/schema\\\/logo\\\/image\\\/\",\"url\":\"https:\\\/\\\/it.unija.com\\\/wp-content\\\/uploads\\\/2026\\\/02\\\/Unija-ETL-IT-Solutions-Logo.png\",\"contentUrl\":\"https:\\\/\\\/it.unija.com\\\/wp-content\\\/uploads\\\/2026\\\/02\\\/Unija-ETL-IT-Solutions-Logo.png\",\"width\":250,\"height\":79,\"caption\":\"Unija ETL IT Solutions\"},\"image\":{\"@id\":\"https:\\\/\\\/it.unija.com\\\/cg\\\/#\\\/schema\\\/logo\\\/image\\\/\"}}]}<\/script>\n<!-- \/ Yoast SEO plugin. -->","yoast_head_json":{"title":"IT projekti i sistemske integracije - Unija Sibit","description":"Planiramo i implementiramo IT projekte za optimizaciju poslovanja. Pru\u017eamo prilago\u0111ena rje\u0161enja koja pokre\u0107u rast i digitalnu transformaciju kompanija.","robots":{"index":"index","follow":"follow","max-snippet":"max-snippet:-1","max-image-preview":"max-image-preview:large","max-video-preview":"max-video-preview:-1"},"canonical":"https:\/\/it.unija.com\/cg\/it-projekti\/","og_locale":"en_US","og_type":"article","og_title":"IT projekti i sistemske integracije - Unija Sibit","og_description":"Planiramo i implementiramo IT projekte za optimizaciju poslovanja. Pru\u017eamo prilago\u0111ena rje\u0161enja koja pokre\u0107u rast i digitalnu transformaciju kompanija.","og_url":"https:\/\/it.unija.com\/cg\/it-projekti\/","og_site_name":"Unija ETL IT Solutions","article_modified_time":"2026-01-23T11:26:06+00:00","og_image":[{"width":1920,"height":1061,"url":"https:\/\/it.unija.com\/wp-content\/uploads\/2024\/04\/IT-podpora.jpg","type":"image\/jpeg"}],"twitter_card":"summary_large_image","twitter_misc":{"Est. reading time":"2 minutes"},"schema":{"@context":"https:\/\/schema.org","@graph":[{"@type":"WebPage","@id":"https:\/\/it.unija.com\/cg\/it-projekti\/","url":"https:\/\/it.unija.com\/cg\/it-projekti\/","name":"IT projekti i sistemske integracije - Unija Sibit","isPartOf":{"@id":"https:\/\/it.unija.com\/cg\/#website"},"primaryImageOfPage":{"@id":"https:\/\/it.unija.com\/cg\/it-projekti\/#primaryimage"},"image":{"@id":"https:\/\/it.unija.com\/cg\/it-projekti\/#primaryimage"},"thumbnailUrl":"https:\/\/it.unija.com\/wp-content\/uploads\/2024\/04\/IT-podpora.jpg","datePublished":"2024-04-30T08:01:05+00:00","dateModified":"2026-01-23T11:26:06+00:00","description":"Planiramo i implementiramo IT projekte za optimizaciju poslovanja. Pru\u017eamo prilago\u0111ena rje\u0161enja koja pokre\u0107u rast i digitalnu transformaciju kompanija.","breadcrumb":{"@id":"https:\/\/it.unija.com\/cg\/it-projekti\/#breadcrumb"},"inLanguage":"cg","potentialAction":[{"@type":"ReadAction","target":["https:\/\/it.unija.com\/cg\/it-projekti\/"]}]},{"@type":"ImageObject","inLanguage":"cg","@id":"https:\/\/it.unija.com\/cg\/it-projekti\/#primaryimage","url":"https:\/\/it.unija.com\/wp-content\/uploads\/2024\/04\/IT-podpora.jpg","contentUrl":"https:\/\/it.unija.com\/wp-content\/uploads\/2024\/04\/IT-podpora.jpg","width":1920,"height":1061},{"@type":"BreadcrumbList","@id":"https:\/\/it.unija.com\/cg\/it-projekti\/#breadcrumb","itemListElement":[{"@type":"ListItem","position":1,"name":"Home","item":"https:\/\/it.unija.com\/cg\/"},{"@type":"ListItem","position":2,"name":"IT projekti"}]},{"@type":"WebSite","@id":"https:\/\/it.unija.com\/cg\/#website","url":"https:\/\/it.unija.com\/cg\/","name":"Unija ETL IT Solutions","description":"IT re\u0161itve za bolj\u0161e poslovanje","publisher":{"@id":"https:\/\/it.unija.com\/cg\/#organization"},"potentialAction":[{"@type":"SearchAction","target":{"@type":"EntryPoint","urlTemplate":"https:\/\/it.unija.com\/cg\/?s={search_term_string}"},"query-input":{"@type":"PropertyValueSpecification","valueRequired":true,"valueName":"search_term_string"}}],"inLanguage":"cg"},{"@type":"Organization","@id":"https:\/\/it.unija.com\/cg\/#organization","name":"Unija ETL IT Solutions","url":"https:\/\/it.unija.com\/cg\/","logo":{"@type":"ImageObject","inLanguage":"cg","@id":"https:\/\/it.unija.com\/cg\/#\/schema\/logo\/image\/","url":"https:\/\/it.unija.com\/wp-content\/uploads\/2026\/02\/Unija-ETL-IT-Solutions-Logo.png","contentUrl":"https:\/\/it.unija.com\/wp-content\/uploads\/2026\/02\/Unija-ETL-IT-Solutions-Logo.png","width":250,"height":79,"caption":"Unija ETL IT Solutions"},"image":{"@id":"https:\/\/it.unija.com\/cg\/#\/schema\/logo\/image\/"}}]}},"_links":{"self":[{"href":"https:\/\/it.unija.com\/cg\/wp-json\/wp\/v2\/pages\/2243","targetHints":{"allow":["GET"]}}],"collection":[{"href":"https:\/\/it.unija.com\/cg\/wp-json\/wp\/v2\/pages"}],"about":[{"href":"https:\/\/it.unija.com\/cg\/wp-json\/wp\/v2\/types\/page"}],"author":[{"embeddable":true,"href":"https:\/\/it.unija.com\/cg\/wp-json\/wp\/v2\/users\/1"}],"replies":[{"embeddable":true,"href":"https:\/\/it.unija.com\/cg\/wp-json\/wp\/v2\/comments?post=2243"}],"version-history":[{"count":20,"href":"https:\/\/it.unija.com\/cg\/wp-json\/wp\/v2\/pages\/2243\/revisions"}],"predecessor-version":[{"id":4199,"href":"https:\/\/it.unija.com\/cg\/wp-json\/wp\/v2\/pages\/2243\/revisions\/4199"}],"wp:featuredmedia":[{"embeddable":true,"href":"https:\/\/it.unija.com\/cg\/wp-json\/wp\/v2\/media\/2207"}],"wp:attachment":[{"href":"https:\/\/it.unija.com\/cg\/wp-json\/wp\/v2\/media?parent=2243"}],"curies":[{"name":"wp","href":"https:\/\/api.w.org\/{rel}","templated":true}]}}